{"id":17,"date":"2019-09-04T15:23:50","date_gmt":"2019-09-04T15:23:50","guid":{"rendered":"http:\/\/www.riviera-networks.com\/?page_id=17"},"modified":"2020-01-31T22:01:39","modified_gmt":"2020-01-31T21:01:39","slug":"home","status":"publish","type":"page","link":"https:\/\/www.riviera-networks.com\/en\/","title":{"rendered":"Networks. Systems. Security. Experts."},"content":{"rendered":"<figure class=\"wp-block-image\"><img data-recalc-dims=\"1\" fetchpriority=\"high\" decoding=\"async\" width=\"750\" height=\"563\" src=\"https:\/\/i0.wp.com\/www.riviera-networks.com\/wp-content\/uploads\/2019\/09\/hxhk0uvm3mg31.jpg?resize=750%2C563&#038;ssl=1\" alt=\"\" class=\"wp-image-206\" srcset=\"https:\/\/i0.wp.com\/www.riviera-networks.com\/wp-content\/uploads\/2019\/09\/hxhk0uvm3mg31.jpg?resize=1024%2C768&amp;ssl=1 1024w, https:\/\/i0.wp.com\/www.riviera-networks.com\/wp-content\/uploads\/2019\/09\/hxhk0uvm3mg31.jpg?resize=600%2C450&amp;ssl=1 600w, https:\/\/i0.wp.com\/www.riviera-networks.com\/wp-content\/uploads\/2019\/09\/hxhk0uvm3mg31.jpg?resize=300%2C225&amp;ssl=1 300w, https:\/\/i0.wp.com\/www.riviera-networks.com\/wp-content\/uploads\/2019\/09\/hxhk0uvm3mg31.jpg?resize=768%2C576&amp;ssl=1 768w, https:\/\/i0.wp.com\/www.riviera-networks.com\/wp-content\/uploads\/2019\/09\/hxhk0uvm3mg31.jpg?w=1500&amp;ssl=1 1500w, https:\/\/i0.wp.com\/www.riviera-networks.com\/wp-content\/uploads\/2019\/09\/hxhk0uvm3mg31.jpg?w=2250&amp;ssl=1 2250w\" sizes=\"(max-width: 750px) 100vw, 750px\" \/><\/figure>\n\n\n\n<p style=\"font-size:26px\" class=\"has-text-align-left\"><strong>We are experts specialized into Network and Systems infrastructures.<\/strong><\/p>\n\n\n\n<p style=\"font-size:22px\" class=\"has-text-align-left\"><strong>Our skills :<\/strong><\/p>\n\n\n\n<h6>\n<ul class=\"fa-ul\">\n  <li><i class=\"fa-li fa fa-network-wired\"><\/i>LAN (Local Area Network)<\/li>\n  <li><i class=\"fa-li fa fa-project-diagram\"><\/i>MAN (Metropolitan Area Network)<\/li>\n<li><i class=\"fa-li fa fa-road\"><\/i>WAN<\/li>\n  <li><i class=\"fa-li fa fa-wifi\"><\/i>Wireless LANs<\/li>\n<li><i class=\"fa-li fa fa-shield-alt\"><\/i>Security<\/li>\n<li><i class=\"fa-li fa fa-database\"><\/i>Datacenter &amp; Telecom Infrastructures<\/li>\n<li><i class=\"fa-li fa fa-phone\"><\/i>IP Communications<\/li>\n  <li><i class=\"fa-li fa fa-server\"><\/i>Systems<\/li>\n<\/ul>\n<\/h6>","protected":false},"excerpt":{"rendered":"<p>Nous sommes sp\u00e9cialis\u00e9s dans l&rsquo;int\u00e9gration d&rsquo;infrastructures r\u00e9seaux et syst\u00e8mes. Nos comp\u00e9tences : LAN (r\u00e9seaux locaux) MAN (r\u00e9seaux urbains) WAN Wireless LANs S\u00e9curit\u00e9 Infrastructures Datacenters et Telecoms Communications sur IP Syst\u00e8mes<\/p>","protected":false},"author":1,"featured_media":664,"parent":0,"menu_order":0,"comment_status":"closed","ping_status":"closed","template":"","meta":{"_exactmetrics_skip_tracking":false,"_exactmetrics_sitenote_active":false,"_exactmetrics_sitenote_note":"","_exactmetrics_sitenote_category":0,"footnotes":""},"class_list":["post-17","page","type-page","status-publish","has-post-thumbnail","hentry"],"yoast_head":"<!-- This site is optimized with the Yoast SEO plugin v27.5 - https:\/\/yoast.com\/product\/yoast-seo-wordpress\/ -->\n<title>Networks. Systems. Security. Experts. - Riviera Networks Inc<\/title>\n<meta name=\"description\" content=\"Riviera Networks Inc - Experts Infrastructures r\u00e9seaux, datacenter, s\u00e9curit\u00e9 et t\u00e9l\u00e9com. Aix-en-Provence, intervient partout dans le monde.\" \/>\n<meta name=\"robots\" content=\"index, follow, max-snippet:-1, max-image-preview:large, max-video-preview:-1\" \/>\n<link rel=\"canonical\" href=\"https:\/\/www.riviera-networks.com\/en\/\" \/>\n<meta property=\"og:locale\" content=\"en_US\" \/>\n<meta property=\"og:type\" content=\"article\" \/>\n<meta property=\"og:title\" content=\"Networks. Systems. Security. Experts. - Riviera Networks Inc\" \/>\n<meta property=\"og:description\" content=\"Riviera Networks Inc - Experts Infrastructures r\u00e9seaux, datacenter, s\u00e9curit\u00e9 et t\u00e9l\u00e9com. Aix-en-Provence, intervient partout dans le monde.\" \/>\n<meta property=\"og:url\" content=\"https:\/\/www.riviera-networks.com\/en\/\" \/>\n<meta property=\"og:site_name\" content=\"Riviera Networks Inc\" \/>\n<meta property=\"article:modified_time\" content=\"2020-01-31T21:01:39+00:00\" \/>\n<meta property=\"og:image\" content=\"https:\/\/i2.wp.com\/www.riviera-networks.com\/wp-content\/uploads\/2019\/09\/apps-426559.jpeg?fit=2000%2C1414&ssl=1\" \/>\n\t<meta property=\"og:image:width\" content=\"2000\" \/>\n\t<meta property=\"og:image:height\" content=\"1414\" \/>\n\t<meta property=\"og:image:type\" content=\"image\/jpeg\" \/>\n<meta name=\"twitter:card\" content=\"summary_large_image\" \/>\n<meta name=\"twitter:site\" content=\"@RivieraNetwrks\" \/>\n<script type=\"application\/ld+json\" class=\"yoast-schema-graph\">{\"@context\":\"https:\\\/\\\/schema.org\",\"@graph\":[{\"@type\":\"WebPage\",\"@id\":\"https:\\\/\\\/www.riviera-networks.com\\\/fr\\\/\",\"url\":\"https:\\\/\\\/www.riviera-networks.com\\\/fr\\\/\",\"name\":\"Networks. Systems. Security. Experts. - Riviera Networks Inc\",\"isPartOf\":{\"@id\":\"https:\\\/\\\/www.riviera-networks.com\\\/fr\\\/#website\"},\"primaryImageOfPage\":{\"@id\":\"https:\\\/\\\/www.riviera-networks.com\\\/fr\\\/#primaryimage\"},\"image\":{\"@id\":\"https:\\\/\\\/www.riviera-networks.com\\\/fr\\\/#primaryimage\"},\"thumbnailUrl\":\"https:\\\/\\\/i0.wp.com\\\/www.riviera-networks.com\\\/wp-content\\\/uploads\\\/2019\\\/09\\\/apps-426559.jpeg?fit=2000%2C1414&ssl=1\",\"datePublished\":\"2019-09-04T15:23:50+00:00\",\"dateModified\":\"2020-01-31T21:01:39+00:00\",\"description\":\"Riviera Networks Inc - Experts Infrastructures r\u00e9seaux, datacenter, s\u00e9curit\u00e9 et t\u00e9l\u00e9com. Aix-en-Provence, intervient partout dans le monde.\",\"breadcrumb\":{\"@id\":\"https:\\\/\\\/www.riviera-networks.com\\\/fr\\\/#breadcrumb\"},\"inLanguage\":\"en-US\",\"potentialAction\":[{\"@type\":\"ReadAction\",\"target\":[\"https:\\\/\\\/www.riviera-networks.com\\\/fr\\\/\"]}]},{\"@type\":\"ImageObject\",\"inLanguage\":\"en-US\",\"@id\":\"https:\\\/\\\/www.riviera-networks.com\\\/fr\\\/#primaryimage\",\"url\":\"https:\\\/\\\/i0.wp.com\\\/www.riviera-networks.com\\\/wp-content\\\/uploads\\\/2019\\\/09\\\/apps-426559.jpeg?fit=2000%2C1414&ssl=1\",\"contentUrl\":\"https:\\\/\\\/i0.wp.com\\\/www.riviera-networks.com\\\/wp-content\\\/uploads\\\/2019\\\/09\\\/apps-426559.jpeg?fit=2000%2C1414&ssl=1\",\"width\":2000,\"height\":1414},{\"@type\":\"BreadcrumbList\",\"@id\":\"https:\\\/\\\/www.riviera-networks.com\\\/fr\\\/#breadcrumb\",\"itemListElement\":[{\"@type\":\"ListItem\",\"position\":1,\"name\":\"Home\",\"item\":\"https:\\\/\\\/www.riviera-networks.com\\\/fr\\\/\"},{\"@type\":\"ListItem\",\"position\":2,\"name\":\"Networks. Systems. Security. Experts.\"}]},{\"@type\":\"WebSite\",\"@id\":\"https:\\\/\\\/www.riviera-networks.com\\\/fr\\\/#website\",\"url\":\"https:\\\/\\\/www.riviera-networks.com\\\/fr\\\/\",\"name\":\"Riviera Networks Inc\",\"description\":\"Infrastructure Experts\",\"publisher\":{\"@id\":\"https:\\\/\\\/www.riviera-networks.com\\\/fr\\\/#organization\"},\"potentialAction\":[{\"@type\":\"SearchAction\",\"target\":{\"@type\":\"EntryPoint\",\"urlTemplate\":\"https:\\\/\\\/www.riviera-networks.com\\\/fr\\\/?s={search_term_string}\"},\"query-input\":{\"@type\":\"PropertyValueSpecification\",\"valueRequired\":true,\"valueName\":\"search_term_string\"}}],\"inLanguage\":\"en-US\"},{\"@type\":\"Organization\",\"@id\":\"https:\\\/\\\/www.riviera-networks.com\\\/fr\\\/#organization\",\"name\":\"Riviera Networks Inc\",\"url\":\"https:\\\/\\\/www.riviera-networks.com\\\/fr\\\/\",\"logo\":{\"@type\":\"ImageObject\",\"inLanguage\":\"en-US\",\"@id\":\"https:\\\/\\\/www.riviera-networks.com\\\/fr\\\/#\\\/schema\\\/logo\\\/image\\\/\",\"url\":\"https:\\\/\\\/www.riviera-networks.com\\\/wp-content\\\/uploads\\\/2020\\\/04\\\/rnilogo-white-bg1.png\",\"contentUrl\":\"https:\\\/\\\/www.riviera-networks.com\\\/wp-content\\\/uploads\\\/2020\\\/04\\\/rnilogo-white-bg1.png\",\"width\":849,\"height\":299,\"caption\":\"Riviera Networks Inc\"},\"image\":{\"@id\":\"https:\\\/\\\/www.riviera-networks.com\\\/fr\\\/#\\\/schema\\\/logo\\\/image\\\/\"},\"sameAs\":[\"https:\\\/\\\/x.com\\\/RivieraNetwrks\",\"https:\\\/\\\/www.linkedin.com\\\/company\\\/riviera-networks\\\/\"]}]}<\/script>\n<!-- \/ Yoast SEO plugin. -->","yoast_head_json":{"title":"Networks. Systems. Security. Experts. - Riviera Networks Inc","description":"Riviera Networks Inc - Experts Infrastructures r\u00e9seaux, datacenter, s\u00e9curit\u00e9 et t\u00e9l\u00e9com. Aix-en-Provence, intervient partout dans le monde.","robots":{"index":"index","follow":"follow","max-snippet":"max-snippet:-1","max-image-preview":"max-image-preview:large","max-video-preview":"max-video-preview:-1"},"canonical":"https:\/\/www.riviera-networks.com\/en\/","og_locale":"en_US","og_type":"article","og_title":"Networks. Systems. Security. Experts. - Riviera Networks Inc","og_description":"Riviera Networks Inc - Experts Infrastructures r\u00e9seaux, datacenter, s\u00e9curit\u00e9 et t\u00e9l\u00e9com. Aix-en-Provence, intervient partout dans le monde.","og_url":"https:\/\/www.riviera-networks.com\/en\/","og_site_name":"Riviera Networks Inc","article_modified_time":"2020-01-31T21:01:39+00:00","og_image":[{"width":2000,"height":1414,"url":"https:\/\/i2.wp.com\/www.riviera-networks.com\/wp-content\/uploads\/2019\/09\/apps-426559.jpeg?fit=2000%2C1414&ssl=1","type":"image\/jpeg"}],"twitter_card":"summary_large_image","twitter_site":"@RivieraNetwrks","schema":{"@context":"https:\/\/schema.org","@graph":[{"@type":"WebPage","@id":"https:\/\/www.riviera-networks.com\/fr\/","url":"https:\/\/www.riviera-networks.com\/fr\/","name":"Networks. Systems. Security. Experts. - Riviera Networks Inc","isPartOf":{"@id":"https:\/\/www.riviera-networks.com\/fr\/#website"},"primaryImageOfPage":{"@id":"https:\/\/www.riviera-networks.com\/fr\/#primaryimage"},"image":{"@id":"https:\/\/www.riviera-networks.com\/fr\/#primaryimage"},"thumbnailUrl":"https:\/\/i0.wp.com\/www.riviera-networks.com\/wp-content\/uploads\/2019\/09\/apps-426559.jpeg?fit=2000%2C1414&ssl=1","datePublished":"2019-09-04T15:23:50+00:00","dateModified":"2020-01-31T21:01:39+00:00","description":"Riviera Networks Inc - Experts Infrastructures r\u00e9seaux, datacenter, s\u00e9curit\u00e9 et t\u00e9l\u00e9com. Aix-en-Provence, intervient partout dans le monde.","breadcrumb":{"@id":"https:\/\/www.riviera-networks.com\/fr\/#breadcrumb"},"inLanguage":"en-US","potentialAction":[{"@type":"ReadAction","target":["https:\/\/www.riviera-networks.com\/fr\/"]}]},{"@type":"ImageObject","inLanguage":"en-US","@id":"https:\/\/www.riviera-networks.com\/fr\/#primaryimage","url":"https:\/\/i0.wp.com\/www.riviera-networks.com\/wp-content\/uploads\/2019\/09\/apps-426559.jpeg?fit=2000%2C1414&ssl=1","contentUrl":"https:\/\/i0.wp.com\/www.riviera-networks.com\/wp-content\/uploads\/2019\/09\/apps-426559.jpeg?fit=2000%2C1414&ssl=1","width":2000,"height":1414},{"@type":"BreadcrumbList","@id":"https:\/\/www.riviera-networks.com\/fr\/#breadcrumb","itemListElement":[{"@type":"ListItem","position":1,"name":"Home","item":"https:\/\/www.riviera-networks.com\/fr\/"},{"@type":"ListItem","position":2,"name":"Networks. Systems. Security. Experts."}]},{"@type":"WebSite","@id":"https:\/\/www.riviera-networks.com\/fr\/#website","url":"https:\/\/www.riviera-networks.com\/fr\/","name":"Riviera Networks Inc","description":"Infrastructure Experts","publisher":{"@id":"https:\/\/www.riviera-networks.com\/fr\/#organization"},"potentialAction":[{"@type":"SearchAction","target":{"@type":"EntryPoint","urlTemplate":"https:\/\/www.riviera-networks.com\/fr\/?s={search_term_string}"},"query-input":{"@type":"PropertyValueSpecification","valueRequired":true,"valueName":"search_term_string"}}],"inLanguage":"en-US"},{"@type":"Organization","@id":"https:\/\/www.riviera-networks.com\/fr\/#organization","name":"Riviera Networks Inc","url":"https:\/\/www.riviera-networks.com\/fr\/","logo":{"@type":"ImageObject","inLanguage":"en-US","@id":"https:\/\/www.riviera-networks.com\/fr\/#\/schema\/logo\/image\/","url":"https:\/\/www.riviera-networks.com\/wp-content\/uploads\/2020\/04\/rnilogo-white-bg1.png","contentUrl":"https:\/\/www.riviera-networks.com\/wp-content\/uploads\/2020\/04\/rnilogo-white-bg1.png","width":849,"height":299,"caption":"Riviera Networks Inc"},"image":{"@id":"https:\/\/www.riviera-networks.com\/fr\/#\/schema\/logo\/image\/"},"sameAs":["https:\/\/x.com\/RivieraNetwrks","https:\/\/www.linkedin.com\/company\/riviera-networks\/"]}]}},"jetpack-related-posts":[],"jetpack_sharing_enabled":true,"_links":{"self":[{"href":"https:\/\/www.riviera-networks.com\/en\/wp-json\/wp\/v2\/pages\/17","targetHints":{"allow":["GET"]}}],"collection":[{"href":"https:\/\/www.riviera-networks.com\/en\/wp-json\/wp\/v2\/pages"}],"about":[{"href":"https:\/\/www.riviera-networks.com\/en\/wp-json\/wp\/v2\/types\/page"}],"author":[{"embeddable":true,"href":"https:\/\/www.riviera-networks.com\/en\/wp-json\/wp\/v2\/users\/1"}],"replies":[{"embeddable":true,"href":"https:\/\/www.riviera-networks.com\/en\/wp-json\/wp\/v2\/comments?post=17"}],"version-history":[{"count":13,"href":"https:\/\/www.riviera-networks.com\/en\/wp-json\/wp\/v2\/pages\/17\/revisions"}],"predecessor-version":[{"id":1224,"href":"https:\/\/www.riviera-networks.com\/en\/wp-json\/wp\/v2\/pages\/17\/revisions\/1224"}],"wp:featuredmedia":[{"embeddable":true,"href":"https:\/\/www.riviera-networks.com\/en\/wp-json\/wp\/v2\/media\/664"}],"wp:attachment":[{"href":"https:\/\/www.riviera-networks.com\/en\/wp-json\/wp\/v2\/media?parent=17"}],"curies":[{"name":"wp","href":"https:\/\/api.w.org\/{rel}","templated":true}]}}