{"id":18,"date":"2019-09-04T15:23:50","date_gmt":"2019-09-04T13:23:50","guid":{"rendered":"http:\/\/www.riviera-networks.com\/?page_id=18"},"modified":"2020-06-09T11:37:12","modified_gmt":"2020-06-09T09:37:12","slug":"about","status":"publish","type":"page","link":"https:\/\/www.riviera-networks.com\/en\/company\/about\/","title":{"rendered":"About us"},"content":{"rendered":"<figure class=\"wp-block-image\"><img data-recalc-dims=\"1\" decoding=\"async\" width=\"100\" height=\"100\" src=\"https:\/\/i0.wp.com\/www.riviera-networks.com\/wp-content\/uploads\/2019\/09\/8.jpg?resize=100%2C100&#038;ssl=1\" alt=\"\" class=\"wp-image-134\"\/><\/figure>\n\n\n\n<p>With an international experience of over 17 years, our company has grown and evolved together with the latest technologies . \n\nOur team of experts is ready to accompany you step by step to implement, adapt and maintain your network and systems' infrastructures. Regardless of your activity, we can help you have a safe, dynamic and updated communication system adapted to your company\u2019s unique needs.<\/p>\n\n\n\n<p>Living in a modern world, dependent on technology, has brought us many advantages and a lot of comfort, but also threats. Our company is here to guide you and offer you customized solutions for the safety of your systems and sensitive information. <\/p>\n\n\n\n<p>We provide all the preventive measures to protect your network infrastructure from misuse, malfunction, unauthorized access so you can have a secure platform for your users, computers and programs.<\/p>","protected":false},"excerpt":{"rendered":"<p>Depuis 2003, Riviera Networks Inc accompagne des entreprises de toute taille dans l&rsquo;int\u00e9gration et le d\u00e9ploiement de solutions d&rsquo;infrastructures r\u00e9seaux, s\u00e9curit\u00e9 et syst\u00e8mes. Tous nos collaborateurs ing\u00e9nieurs sont certifi\u00e9s constructeurs, \u00e0 haut niveau. Nous intervenons partout dans le monde.<\/p>","protected":false},"author":1,"featured_media":15,"parent":519,"menu_order":0,"comment_status":"closed","ping_status":"closed","template":"","meta":{"_exactmetrics_skip_tracking":false,"_exactmetrics_sitenote_active":false,"_exactmetrics_sitenote_note":"","_exactmetrics_sitenote_category":0,"footnotes":""},"class_list":["post-18","page","type-page","status-publish","has-post-thumbnail","hentry"],"yoast_head":"<!-- This site is optimized with the Yoast SEO plugin v27.5 - https:\/\/yoast.com\/product\/yoast-seo-wordpress\/ -->\n<title>A propos - Riviera Networks Inc<\/title>\n<meta name=\"robots\" content=\"index, follow, max-snippet:-1, max-image-preview:large, max-video-preview:-1\" \/>\n<link rel=\"canonical\" href=\"https:\/\/www.riviera-networks.com\/en\/company\/about\/\" \/>\n<meta property=\"og:locale\" content=\"en_US\" \/>\n<meta property=\"og:type\" content=\"article\" \/>\n<meta property=\"og:title\" content=\"A propos - Riviera Networks Inc\" \/>\n<meta property=\"og:description\" content=\"Depuis 2003, Riviera Networks Inc accompagne des entreprises de toute taille dans l&rsquo;int\u00e9gration et le d\u00e9ploiement de solutions d&rsquo;infrastructures r\u00e9seaux, s\u00e9curit\u00e9 et syst\u00e8mes. Tous nos collaborateurs ing\u00e9nieurs sont certifi\u00e9s constructeurs, \u00e0 haut niveau. Nous intervenons partout dans le monde.\" \/>\n<meta property=\"og:url\" content=\"https:\/\/www.riviera-networks.com\/en\/company\/about\/\" \/>\n<meta property=\"og:site_name\" content=\"Riviera Networks Inc\" \/>\n<meta property=\"article:modified_time\" content=\"2020-06-09T09:37:12+00:00\" \/>\n<meta property=\"og:image\" content=\"https:\/\/i1.wp.com\/www.riviera-networks.com\/wp-content\/uploads\/2019\/09\/sandwich-1.jpg?fit=2000%2C1200&ssl=1\" \/>\n\t<meta property=\"og:image:width\" content=\"2000\" \/>\n\t<meta property=\"og:image:height\" content=\"1200\" \/>\n\t<meta property=\"og:image:type\" content=\"image\/jpeg\" \/>\n<meta name=\"twitter:card\" content=\"summary_large_image\" \/>\n<meta name=\"twitter:site\" content=\"@RivieraNetwrks\" \/>\n<script type=\"application\/ld+json\" class=\"yoast-schema-graph\">{\"@context\":\"https:\\\/\\\/schema.org\",\"@graph\":[{\"@type\":\"WebPage\",\"@id\":\"https:\\\/\\\/www.riviera-networks.com\\\/en\\\/company\\\/about\\\/\",\"url\":\"https:\\\/\\\/www.riviera-networks.com\\\/en\\\/company\\\/about\\\/\",\"name\":\"A propos - Riviera Networks Inc\",\"isPartOf\":{\"@id\":\"https:\\\/\\\/www.riviera-networks.com\\\/fr\\\/#website\"},\"primaryImageOfPage\":{\"@id\":\"https:\\\/\\\/www.riviera-networks.com\\\/en\\\/company\\\/about\\\/#primaryimage\"},\"image\":{\"@id\":\"https:\\\/\\\/www.riviera-networks.com\\\/en\\\/company\\\/about\\\/#primaryimage\"},\"thumbnailUrl\":\"https:\\\/\\\/i0.wp.com\\\/www.riviera-networks.com\\\/wp-content\\\/uploads\\\/2019\\\/09\\\/sandwich-1.jpg?fit=2000%2C1200&ssl=1\",\"datePublished\":\"2019-09-04T13:23:50+00:00\",\"dateModified\":\"2020-06-09T09:37:12+00:00\",\"breadcrumb\":{\"@id\":\"https:\\\/\\\/www.riviera-networks.com\\\/en\\\/company\\\/about\\\/#breadcrumb\"},\"inLanguage\":\"en-US\",\"potentialAction\":[{\"@type\":\"ReadAction\",\"target\":[\"https:\\\/\\\/www.riviera-networks.com\\\/en\\\/company\\\/about\\\/\"]}]},{\"@type\":\"ImageObject\",\"inLanguage\":\"en-US\",\"@id\":\"https:\\\/\\\/www.riviera-networks.com\\\/en\\\/company\\\/about\\\/#primaryimage\",\"url\":\"https:\\\/\\\/i0.wp.com\\\/www.riviera-networks.com\\\/wp-content\\\/uploads\\\/2019\\\/09\\\/sandwich-1.jpg?fit=2000%2C1200&ssl=1\",\"contentUrl\":\"https:\\\/\\\/i0.wp.com\\\/www.riviera-networks.com\\\/wp-content\\\/uploads\\\/2019\\\/09\\\/sandwich-1.jpg?fit=2000%2C1200&ssl=1\",\"width\":2000,\"height\":1200},{\"@type\":\"BreadcrumbList\",\"@id\":\"https:\\\/\\\/www.riviera-networks.com\\\/en\\\/company\\\/about\\\/#breadcrumb\",\"itemListElement\":[{\"@type\":\"ListItem\",\"position\":1,\"name\":\"Home\",\"item\":\"https:\\\/\\\/www.riviera-networks.com\\\/fr\\\/\"},{\"@type\":\"ListItem\",\"position\":2,\"name\":\"Riviera Networks Inc\",\"item\":\"https:\\\/\\\/www.riviera-networks.com\\\/en\\\/company\\\/\"},{\"@type\":\"ListItem\",\"position\":3,\"name\":\"A propos\"}]},{\"@type\":\"WebSite\",\"@id\":\"https:\\\/\\\/www.riviera-networks.com\\\/fr\\\/#website\",\"url\":\"https:\\\/\\\/www.riviera-networks.com\\\/fr\\\/\",\"name\":\"Riviera Networks Inc\",\"description\":\"Infrastructure Experts\",\"publisher\":{\"@id\":\"https:\\\/\\\/www.riviera-networks.com\\\/fr\\\/#organization\"},\"potentialAction\":[{\"@type\":\"SearchAction\",\"target\":{\"@type\":\"EntryPoint\",\"urlTemplate\":\"https:\\\/\\\/www.riviera-networks.com\\\/fr\\\/?s={search_term_string}\"},\"query-input\":{\"@type\":\"PropertyValueSpecification\",\"valueRequired\":true,\"valueName\":\"search_term_string\"}}],\"inLanguage\":\"en-US\"},{\"@type\":\"Organization\",\"@id\":\"https:\\\/\\\/www.riviera-networks.com\\\/fr\\\/#organization\",\"name\":\"Riviera Networks Inc\",\"url\":\"https:\\\/\\\/www.riviera-networks.com\\\/fr\\\/\",\"logo\":{\"@type\":\"ImageObject\",\"inLanguage\":\"en-US\",\"@id\":\"https:\\\/\\\/www.riviera-networks.com\\\/fr\\\/#\\\/schema\\\/logo\\\/image\\\/\",\"url\":\"https:\\\/\\\/www.riviera-networks.com\\\/wp-content\\\/uploads\\\/2020\\\/04\\\/rnilogo-white-bg1.png\",\"contentUrl\":\"https:\\\/\\\/www.riviera-networks.com\\\/wp-content\\\/uploads\\\/2020\\\/04\\\/rnilogo-white-bg1.png\",\"width\":849,\"height\":299,\"caption\":\"Riviera Networks Inc\"},\"image\":{\"@id\":\"https:\\\/\\\/www.riviera-networks.com\\\/fr\\\/#\\\/schema\\\/logo\\\/image\\\/\"},\"sameAs\":[\"https:\\\/\\\/x.com\\\/RivieraNetwrks\",\"https:\\\/\\\/www.linkedin.com\\\/company\\\/riviera-networks\\\/\"]}]}<\/script>\n<!-- \/ Yoast SEO plugin. -->","yoast_head_json":{"title":"A propos - Riviera Networks Inc","robots":{"index":"index","follow":"follow","max-snippet":"max-snippet:-1","max-image-preview":"max-image-preview:large","max-video-preview":"max-video-preview:-1"},"canonical":"https:\/\/www.riviera-networks.com\/en\/company\/about\/","og_locale":"en_US","og_type":"article","og_title":"A propos - Riviera Networks Inc","og_description":"Depuis 2003, Riviera Networks Inc accompagne des entreprises de toute taille dans l&rsquo;int\u00e9gration et le d\u00e9ploiement de solutions d&rsquo;infrastructures r\u00e9seaux, s\u00e9curit\u00e9 et syst\u00e8mes. Tous nos collaborateurs ing\u00e9nieurs sont certifi\u00e9s constructeurs, \u00e0 haut niveau. Nous intervenons partout dans le monde.","og_url":"https:\/\/www.riviera-networks.com\/en\/company\/about\/","og_site_name":"Riviera Networks Inc","article_modified_time":"2020-06-09T09:37:12+00:00","og_image":[{"width":2000,"height":1200,"url":"https:\/\/i1.wp.com\/www.riviera-networks.com\/wp-content\/uploads\/2019\/09\/sandwich-1.jpg?fit=2000%2C1200&ssl=1","type":"image\/jpeg"}],"twitter_card":"summary_large_image","twitter_site":"@RivieraNetwrks","schema":{"@context":"https:\/\/schema.org","@graph":[{"@type":"WebPage","@id":"https:\/\/www.riviera-networks.com\/en\/company\/about\/","url":"https:\/\/www.riviera-networks.com\/en\/company\/about\/","name":"A propos - Riviera Networks Inc","isPartOf":{"@id":"https:\/\/www.riviera-networks.com\/fr\/#website"},"primaryImageOfPage":{"@id":"https:\/\/www.riviera-networks.com\/en\/company\/about\/#primaryimage"},"image":{"@id":"https:\/\/www.riviera-networks.com\/en\/company\/about\/#primaryimage"},"thumbnailUrl":"https:\/\/i0.wp.com\/www.riviera-networks.com\/wp-content\/uploads\/2019\/09\/sandwich-1.jpg?fit=2000%2C1200&ssl=1","datePublished":"2019-09-04T13:23:50+00:00","dateModified":"2020-06-09T09:37:12+00:00","breadcrumb":{"@id":"https:\/\/www.riviera-networks.com\/en\/company\/about\/#breadcrumb"},"inLanguage":"en-US","potentialAction":[{"@type":"ReadAction","target":["https:\/\/www.riviera-networks.com\/en\/company\/about\/"]}]},{"@type":"ImageObject","inLanguage":"en-US","@id":"https:\/\/www.riviera-networks.com\/en\/company\/about\/#primaryimage","url":"https:\/\/i0.wp.com\/www.riviera-networks.com\/wp-content\/uploads\/2019\/09\/sandwich-1.jpg?fit=2000%2C1200&ssl=1","contentUrl":"https:\/\/i0.wp.com\/www.riviera-networks.com\/wp-content\/uploads\/2019\/09\/sandwich-1.jpg?fit=2000%2C1200&ssl=1","width":2000,"height":1200},{"@type":"BreadcrumbList","@id":"https:\/\/www.riviera-networks.com\/en\/company\/about\/#breadcrumb","itemListElement":[{"@type":"ListItem","position":1,"name":"Home","item":"https:\/\/www.riviera-networks.com\/fr\/"},{"@type":"ListItem","position":2,"name":"Riviera Networks Inc","item":"https:\/\/www.riviera-networks.com\/en\/company\/"},{"@type":"ListItem","position":3,"name":"A propos"}]},{"@type":"WebSite","@id":"https:\/\/www.riviera-networks.com\/fr\/#website","url":"https:\/\/www.riviera-networks.com\/fr\/","name":"Riviera Networks Inc","description":"Infrastructure Experts","publisher":{"@id":"https:\/\/www.riviera-networks.com\/fr\/#organization"},"potentialAction":[{"@type":"SearchAction","target":{"@type":"EntryPoint","urlTemplate":"https:\/\/www.riviera-networks.com\/fr\/?s={search_term_string}"},"query-input":{"@type":"PropertyValueSpecification","valueRequired":true,"valueName":"search_term_string"}}],"inLanguage":"en-US"},{"@type":"Organization","@id":"https:\/\/www.riviera-networks.com\/fr\/#organization","name":"Riviera Networks Inc","url":"https:\/\/www.riviera-networks.com\/fr\/","logo":{"@type":"ImageObject","inLanguage":"en-US","@id":"https:\/\/www.riviera-networks.com\/fr\/#\/schema\/logo\/image\/","url":"https:\/\/www.riviera-networks.com\/wp-content\/uploads\/2020\/04\/rnilogo-white-bg1.png","contentUrl":"https:\/\/www.riviera-networks.com\/wp-content\/uploads\/2020\/04\/rnilogo-white-bg1.png","width":849,"height":299,"caption":"Riviera Networks Inc"},"image":{"@id":"https:\/\/www.riviera-networks.com\/fr\/#\/schema\/logo\/image\/"},"sameAs":["https:\/\/x.com\/RivieraNetwrks","https:\/\/www.linkedin.com\/company\/riviera-networks\/"]}]}},"jetpack-related-posts":[],"jetpack_sharing_enabled":true,"_links":{"self":[{"href":"https:\/\/www.riviera-networks.com\/en\/wp-json\/wp\/v2\/pages\/18","targetHints":{"allow":["GET"]}}],"collection":[{"href":"https:\/\/www.riviera-networks.com\/en\/wp-json\/wp\/v2\/pages"}],"about":[{"href":"https:\/\/www.riviera-networks.com\/en\/wp-json\/wp\/v2\/types\/page"}],"author":[{"embeddable":true,"href":"https:\/\/www.riviera-networks.com\/en\/wp-json\/wp\/v2\/users\/1"}],"replies":[{"embeddable":true,"href":"https:\/\/www.riviera-networks.com\/en\/wp-json\/wp\/v2\/comments?post=18"}],"version-history":[{"count":2,"href":"https:\/\/www.riviera-networks.com\/en\/wp-json\/wp\/v2\/pages\/18\/revisions"}],"predecessor-version":[{"id":166,"href":"https:\/\/www.riviera-networks.com\/en\/wp-json\/wp\/v2\/pages\/18\/revisions\/166"}],"up":[{"embeddable":true,"href":"https:\/\/www.riviera-networks.com\/en\/wp-json\/wp\/v2\/pages\/519"}],"wp:featuredmedia":[{"embeddable":true,"href":"https:\/\/www.riviera-networks.com\/en\/wp-json\/wp\/v2\/media\/15"}],"wp:attachment":[{"href":"https:\/\/www.riviera-networks.com\/en\/wp-json\/wp\/v2\/media?parent=18"}],"curies":[{"name":"wp","href":"https:\/\/api.w.org\/{rel}","templated":true}]}}