{"id":532,"date":"2019-09-17T12:08:33","date_gmt":"2019-09-17T10:08:33","guid":{"rendered":"https:\/\/www.riviera-networks.com\/?page_id=532"},"modified":"2024-01-03T16:50:54","modified_gmt":"2024-01-03T15:50:54","slug":"ref-clients","status":"publish","type":"page","link":"https:\/\/www.riviera-networks.com\/en\/partenaires\/ref-clients\/","title":{"rendered":"Client Portfolio"},"content":{"rendered":"\n<p>Voici quelques-unes de nos r\u00e9f\u00e9rences clients. Cliquez sur chacune pour avoir le d\u00e9tail de nos interventions.<\/p>\n\n\n<p>[logo_showcase id=\u00a0\u00bb13184&Prime;]<\/p>\n","protected":false},"excerpt":{"rendered":"<p>Here are some of our refference clients. Click on each icon to see the details of our interventions.<\/p>","protected":false},"author":1,"featured_media":0,"parent":529,"menu_order":0,"comment_status":"closed","ping_status":"closed","template":"","meta":{"_exactmetrics_skip_tracking":false,"_exactmetrics_sitenote_active":false,"_exactmetrics_sitenote_note":"","_exactmetrics_sitenote_category":0,"footnotes":""},"class_list":["post-532","page","type-page","status-publish","hentry"],"yoast_head":"<!-- This site is optimized with the Yoast SEO plugin v27.3 - https:\/\/yoast.com\/product\/yoast-seo-wordpress\/ -->\n<title>R\u00e9f\u00e9rences Clients - Riviera Networks Inc<\/title>\n<meta name=\"robots\" content=\"index, follow, max-snippet:-1, max-image-preview:large, max-video-preview:-1\" \/>\n<link rel=\"canonical\" href=\"https:\/\/www.riviera-networks.com\/en\/partenaires\/ref-clients\/\" \/>\n<meta property=\"og:locale\" content=\"en_US\" \/>\n<meta property=\"og:type\" content=\"article\" \/>\n<meta property=\"og:title\" content=\"R\u00e9f\u00e9rences Clients - Riviera Networks Inc\" \/>\n<meta property=\"og:description\" content=\"Voici quelques-unes de nos r\u00e9f\u00e9rences clients. Cliquez sur chacune pour avoir le d\u00e9tail de nos interventions.\" \/>\n<meta property=\"og:url\" content=\"https:\/\/www.riviera-networks.com\/en\/partenaires\/ref-clients\/\" \/>\n<meta property=\"og:site_name\" content=\"Riviera Networks Inc\" \/>\n<meta property=\"article:modified_time\" content=\"2024-01-03T15:50:54+00:00\" \/>\n<meta name=\"twitter:card\" content=\"summary_large_image\" \/>\n<meta name=\"twitter:site\" content=\"@RivieraNetwrks\" \/>\n<script type=\"application\/ld+json\" class=\"yoast-schema-graph\">{\"@context\":\"https:\\\/\\\/schema.org\",\"@graph\":[{\"@type\":\"WebPage\",\"@id\":\"https:\\\/\\\/www.riviera-networks.com\\\/partenaires\\\/ref-clients\\\/\",\"url\":\"https:\\\/\\\/www.riviera-networks.com\\\/partenaires\\\/ref-clients\\\/\",\"name\":\"R\u00e9f\u00e9rences Clients - Riviera Networks Inc\",\"isPartOf\":{\"@id\":\"https:\\\/\\\/www.riviera-networks.com\\\/fr\\\/#website\"},\"datePublished\":\"2019-09-17T10:08:33+00:00\",\"dateModified\":\"2024-01-03T15:50:54+00:00\",\"breadcrumb\":{\"@id\":\"https:\\\/\\\/www.riviera-networks.com\\\/partenaires\\\/ref-clients\\\/#breadcrumb\"},\"inLanguage\":\"en-US\",\"potentialAction\":[{\"@type\":\"ReadAction\",\"target\":[\"https:\\\/\\\/www.riviera-networks.com\\\/partenaires\\\/ref-clients\\\/\"]}]},{\"@type\":\"BreadcrumbList\",\"@id\":\"https:\\\/\\\/www.riviera-networks.com\\\/partenaires\\\/ref-clients\\\/#breadcrumb\",\"itemListElement\":[{\"@type\":\"ListItem\",\"position\":1,\"name\":\"Home\",\"item\":\"https:\\\/\\\/www.riviera-networks.com\\\/fr\\\/\"},{\"@type\":\"ListItem\",\"position\":2,\"name\":\"Partenaires\",\"item\":\"https:\\\/\\\/www.riviera-networks.com\\\/fr\\\/partenaires\\\/\"},{\"@type\":\"ListItem\",\"position\":3,\"name\":\"R\u00e9f\u00e9rences Clients\"}]},{\"@type\":\"WebSite\",\"@id\":\"https:\\\/\\\/www.riviera-networks.com\\\/fr\\\/#website\",\"url\":\"https:\\\/\\\/www.riviera-networks.com\\\/fr\\\/\",\"name\":\"Riviera Networks Inc\",\"description\":\"Infrastructure Experts\",\"publisher\":{\"@id\":\"https:\\\/\\\/www.riviera-networks.com\\\/fr\\\/#organization\"},\"potentialAction\":[{\"@type\":\"SearchAction\",\"target\":{\"@type\":\"EntryPoint\",\"urlTemplate\":\"https:\\\/\\\/www.riviera-networks.com\\\/fr\\\/?s={search_term_string}\"},\"query-input\":{\"@type\":\"PropertyValueSpecification\",\"valueRequired\":true,\"valueName\":\"search_term_string\"}}],\"inLanguage\":\"en-US\"},{\"@type\":\"Organization\",\"@id\":\"https:\\\/\\\/www.riviera-networks.com\\\/fr\\\/#organization\",\"name\":\"Riviera Networks Inc\",\"url\":\"https:\\\/\\\/www.riviera-networks.com\\\/fr\\\/\",\"logo\":{\"@type\":\"ImageObject\",\"inLanguage\":\"en-US\",\"@id\":\"https:\\\/\\\/www.riviera-networks.com\\\/fr\\\/#\\\/schema\\\/logo\\\/image\\\/\",\"url\":\"https:\\\/\\\/www.riviera-networks.com\\\/wp-content\\\/uploads\\\/2020\\\/04\\\/rnilogo-white-bg1.png\",\"contentUrl\":\"https:\\\/\\\/www.riviera-networks.com\\\/wp-content\\\/uploads\\\/2020\\\/04\\\/rnilogo-white-bg1.png\",\"width\":849,\"height\":299,\"caption\":\"Riviera Networks Inc\"},\"image\":{\"@id\":\"https:\\\/\\\/www.riviera-networks.com\\\/fr\\\/#\\\/schema\\\/logo\\\/image\\\/\"},\"sameAs\":[\"https:\\\/\\\/x.com\\\/RivieraNetwrks\",\"https:\\\/\\\/www.linkedin.com\\\/company\\\/riviera-networks\\\/\"]}]}<\/script>\n<!-- \/ Yoast SEO plugin. -->","yoast_head_json":{"title":"R\u00e9f\u00e9rences Clients - Riviera Networks Inc","robots":{"index":"index","follow":"follow","max-snippet":"max-snippet:-1","max-image-preview":"max-image-preview:large","max-video-preview":"max-video-preview:-1"},"canonical":"https:\/\/www.riviera-networks.com\/en\/partenaires\/ref-clients\/","og_locale":"en_US","og_type":"article","og_title":"R\u00e9f\u00e9rences Clients - Riviera Networks Inc","og_description":"Voici quelques-unes de nos r\u00e9f\u00e9rences clients. Cliquez sur chacune pour avoir le d\u00e9tail de nos interventions.","og_url":"https:\/\/www.riviera-networks.com\/en\/partenaires\/ref-clients\/","og_site_name":"Riviera Networks Inc","article_modified_time":"2024-01-03T15:50:54+00:00","twitter_card":"summary_large_image","twitter_site":"@RivieraNetwrks","schema":{"@context":"https:\/\/schema.org","@graph":[{"@type":"WebPage","@id":"https:\/\/www.riviera-networks.com\/partenaires\/ref-clients\/","url":"https:\/\/www.riviera-networks.com\/partenaires\/ref-clients\/","name":"R\u00e9f\u00e9rences Clients - Riviera Networks Inc","isPartOf":{"@id":"https:\/\/www.riviera-networks.com\/fr\/#website"},"datePublished":"2019-09-17T10:08:33+00:00","dateModified":"2024-01-03T15:50:54+00:00","breadcrumb":{"@id":"https:\/\/www.riviera-networks.com\/partenaires\/ref-clients\/#breadcrumb"},"inLanguage":"en-US","potentialAction":[{"@type":"ReadAction","target":["https:\/\/www.riviera-networks.com\/partenaires\/ref-clients\/"]}]},{"@type":"BreadcrumbList","@id":"https:\/\/www.riviera-networks.com\/partenaires\/ref-clients\/#breadcrumb","itemListElement":[{"@type":"ListItem","position":1,"name":"Home","item":"https:\/\/www.riviera-networks.com\/fr\/"},{"@type":"ListItem","position":2,"name":"Partenaires","item":"https:\/\/www.riviera-networks.com\/fr\/partenaires\/"},{"@type":"ListItem","position":3,"name":"R\u00e9f\u00e9rences Clients"}]},{"@type":"WebSite","@id":"https:\/\/www.riviera-networks.com\/fr\/#website","url":"https:\/\/www.riviera-networks.com\/fr\/","name":"Riviera Networks Inc","description":"Infrastructure Experts","publisher":{"@id":"https:\/\/www.riviera-networks.com\/fr\/#organization"},"potentialAction":[{"@type":"SearchAction","target":{"@type":"EntryPoint","urlTemplate":"https:\/\/www.riviera-networks.com\/fr\/?s={search_term_string}"},"query-input":{"@type":"PropertyValueSpecification","valueRequired":true,"valueName":"search_term_string"}}],"inLanguage":"en-US"},{"@type":"Organization","@id":"https:\/\/www.riviera-networks.com\/fr\/#organization","name":"Riviera Networks Inc","url":"https:\/\/www.riviera-networks.com\/fr\/","logo":{"@type":"ImageObject","inLanguage":"en-US","@id":"https:\/\/www.riviera-networks.com\/fr\/#\/schema\/logo\/image\/","url":"https:\/\/www.riviera-networks.com\/wp-content\/uploads\/2020\/04\/rnilogo-white-bg1.png","contentUrl":"https:\/\/www.riviera-networks.com\/wp-content\/uploads\/2020\/04\/rnilogo-white-bg1.png","width":849,"height":299,"caption":"Riviera Networks Inc"},"image":{"@id":"https:\/\/www.riviera-networks.com\/fr\/#\/schema\/logo\/image\/"},"sameAs":["https:\/\/x.com\/RivieraNetwrks","https:\/\/www.linkedin.com\/company\/riviera-networks\/"]}]}},"jetpack-related-posts":[],"jetpack_sharing_enabled":true,"_links":{"self":[{"href":"https:\/\/www.riviera-networks.com\/en\/wp-json\/wp\/v2\/pages\/532","targetHints":{"allow":["GET"]}}],"collection":[{"href":"https:\/\/www.riviera-networks.com\/en\/wp-json\/wp\/v2\/pages"}],"about":[{"href":"https:\/\/www.riviera-networks.com\/en\/wp-json\/wp\/v2\/types\/page"}],"author":[{"embeddable":true,"href":"https:\/\/www.riviera-networks.com\/en\/wp-json\/wp\/v2\/users\/1"}],"replies":[{"embeddable":true,"href":"https:\/\/www.riviera-networks.com\/en\/wp-json\/wp\/v2\/comments?post=532"}],"version-history":[{"count":6,"href":"https:\/\/www.riviera-networks.com\/en\/wp-json\/wp\/v2\/pages\/532\/revisions"}],"predecessor-version":[{"id":13185,"href":"https:\/\/www.riviera-networks.com\/en\/wp-json\/wp\/v2\/pages\/532\/revisions\/13185"}],"up":[{"embeddable":true,"href":"https:\/\/www.riviera-networks.com\/en\/wp-json\/wp\/v2\/pages\/529"}],"wp:attachment":[{"href":"https:\/\/www.riviera-networks.com\/en\/wp-json\/wp\/v2\/media?parent=532"}],"curies":[{"name":"wp","href":"https:\/\/api.w.org\/{rel}","templated":true}]}}