{"id":56,"date":"2019-09-05T07:29:29","date_gmt":"2019-09-05T05:29:29","guid":{"rendered":"http:\/\/www.riviera-networks.com\/?page_id=56"},"modified":"2019-09-17T20:57:32","modified_gmt":"2019-09-17T18:57:32","slug":"concevoir","status":"publish","type":"page","link":"https:\/\/www.riviera-networks.com\/en\/solutions\/concevoir\/","title":{"rendered":"Design"},"content":{"rendered":"<figure class=\"wp-block-image\"><img data-recalc-dims=\"1\" fetchpriority=\"high\" decoding=\"async\" width=\"750\" height=\"301\" src=\"https:\/\/i0.wp.com\/www.riviera-networks.com\/wp-content\/uploads\/2019\/09\/concevoir-sl.jpg?resize=750%2C301&#038;ssl=1\" alt=\"\" class=\"wp-image-74\" srcset=\"https:\/\/i0.wp.com\/www.riviera-networks.com\/wp-content\/uploads\/2019\/09\/concevoir-sl.jpg?w=800&amp;ssl=1 800w, https:\/\/i0.wp.com\/www.riviera-networks.com\/wp-content\/uploads\/2019\/09\/concevoir-sl.jpg?resize=600%2C241&amp;ssl=1 600w, https:\/\/i0.wp.com\/www.riviera-networks.com\/wp-content\/uploads\/2019\/09\/concevoir-sl.jpg?resize=300%2C120&amp;ssl=1 300w, https:\/\/i0.wp.com\/www.riviera-networks.com\/wp-content\/uploads\/2019\/09\/concevoir-sl.jpg?resize=768%2C308&amp;ssl=1 768w, https:\/\/i0.wp.com\/www.riviera-networks.com\/wp-content\/uploads\/2019\/09\/concevoir-sl.jpg?resize=150%2C59&amp;ssl=1 150w\" sizes=\"(max-width: 750px) 100vw, 750px\" \/><\/figure>\n\n\n\n<h2 class=\"wp-block-heading\">A multiple domain expertise and a global approach of IT systems<\/h2>\n\n\n\n<p>To provide you with the best answer regarding your IT need, our architects and engineers analyze your business and work constraints, regardless the technical domain concerned.<\/p>\n\n\n\n<ul class=\"wp-block-list\"><li>Cabled Networks, LAN and WAN<\/li><li>Wireless Networks (WIFI)<\/li><li>IT Security<\/li><li>CCTV over IP systems<\/li><li>Unified Messaging and Communications<\/li><li>Telephony over IP, unified Communications<\/li><li>Videoconference, Telepresence<\/li><li>IT System security<\/li><li>Messaging and Collaborative Solutions<\/li><li>Servers and Workstations<\/li><li>Datacenters<\/li><li>Mobility<\/li><\/ul>","protected":false},"excerpt":{"rendered":"<p>Une expertise multi-domaine et une approche globale des syst\u00e8mes d&rsquo;information Afin de vous fournir la r\u00e9ponse la mieux adapt\u00e9e \u00e0 vos probl\u00e9matiques informatiques, nos \u00e9quipes d\u2019architectes et ing\u00e9nieurs identifient les contraintes de votre m\u00e9tier et ce, quelque soit le domaine technique adress\u00e9. R\u00e9seau filaire, LAN et WAN R\u00e9seau sans fils [&hellip;]<\/p>\n","protected":false},"author":1,"featured_media":0,"parent":175,"menu_order":0,"comment_status":"closed","ping_status":"closed","template":"","meta":{"_exactmetrics_skip_tracking":false,"_exactmetrics_sitenote_active":false,"_exactmetrics_sitenote_note":"","_exactmetrics_sitenote_category":0,"footnotes":""},"class_list":["post-56","page","type-page","status-publish","hentry"],"yoast_head":"<!-- This site is optimized with the Yoast SEO plugin v27.3 - https:\/\/yoast.com\/product\/yoast-seo-wordpress\/ -->\n<title>Concevoir - Riviera Networks Inc<\/title>\n<meta name=\"robots\" content=\"index, follow, max-snippet:-1, max-image-preview:large, max-video-preview:-1\" \/>\n<link rel=\"canonical\" href=\"https:\/\/www.riviera-networks.com\/en\/solutions\/concevoir\/\" \/>\n<meta property=\"og:locale\" content=\"en_US\" \/>\n<meta property=\"og:type\" content=\"article\" \/>\n<meta property=\"og:title\" content=\"Concevoir - Riviera Networks Inc\" \/>\n<meta property=\"og:description\" content=\"Une expertise multi-domaine et une approche globale des syst\u00e8mes d&rsquo;information Afin de vous fournir la r\u00e9ponse la mieux adapt\u00e9e \u00e0 vos probl\u00e9matiques informatiques, nos \u00e9quipes d\u2019architectes et ing\u00e9nieurs identifient les contraintes de votre m\u00e9tier et ce, quelque soit le domaine technique adress\u00e9. R\u00e9seau filaire, LAN et WAN R\u00e9seau sans fils [&hellip;]\" \/>\n<meta property=\"og:url\" content=\"https:\/\/www.riviera-networks.com\/en\/solutions\/concevoir\/\" \/>\n<meta property=\"og:site_name\" content=\"Riviera Networks Inc\" \/>\n<meta property=\"article:modified_time\" content=\"2019-09-17T18:57:32+00:00\" \/>\n<meta property=\"og:image\" content=\"https:\/\/www.riviera-networks.com\/wp-content\/uploads\/2019\/09\/concevoir-sl.jpg\" \/>\n<meta name=\"twitter:card\" content=\"summary_large_image\" \/>\n<meta name=\"twitter:site\" content=\"@RivieraNetwrks\" \/>\n<script type=\"application\/ld+json\" class=\"yoast-schema-graph\">{\"@context\":\"https:\\\/\\\/schema.org\",\"@graph\":[{\"@type\":\"WebPage\",\"@id\":\"https:\\\/\\\/www.riviera-networks.com\\\/fr\\\/solutions\\\/concevoir\\\/\",\"url\":\"https:\\\/\\\/www.riviera-networks.com\\\/fr\\\/solutions\\\/concevoir\\\/\",\"name\":\"Concevoir - Riviera Networks Inc\",\"isPartOf\":{\"@id\":\"https:\\\/\\\/www.riviera-networks.com\\\/fr\\\/#website\"},\"primaryImageOfPage\":{\"@id\":\"https:\\\/\\\/www.riviera-networks.com\\\/fr\\\/solutions\\\/concevoir\\\/#primaryimage\"},\"image\":{\"@id\":\"https:\\\/\\\/www.riviera-networks.com\\\/fr\\\/solutions\\\/concevoir\\\/#primaryimage\"},\"thumbnailUrl\":\"https:\\\/\\\/www.riviera-networks.com\\\/wp-content\\\/uploads\\\/2019\\\/09\\\/concevoir-sl.jpg\",\"datePublished\":\"2019-09-05T05:29:29+00:00\",\"dateModified\":\"2019-09-17T18:57:32+00:00\",\"breadcrumb\":{\"@id\":\"https:\\\/\\\/www.riviera-networks.com\\\/fr\\\/solutions\\\/concevoir\\\/#breadcrumb\"},\"inLanguage\":\"en-US\",\"potentialAction\":[{\"@type\":\"ReadAction\",\"target\":[\"https:\\\/\\\/www.riviera-networks.com\\\/fr\\\/solutions\\\/concevoir\\\/\"]}]},{\"@type\":\"ImageObject\",\"inLanguage\":\"en-US\",\"@id\":\"https:\\\/\\\/www.riviera-networks.com\\\/fr\\\/solutions\\\/concevoir\\\/#primaryimage\",\"url\":\"https:\\\/\\\/www.riviera-networks.com\\\/wp-content\\\/uploads\\\/2019\\\/09\\\/concevoir-sl.jpg\",\"contentUrl\":\"https:\\\/\\\/www.riviera-networks.com\\\/wp-content\\\/uploads\\\/2019\\\/09\\\/concevoir-sl.jpg\"},{\"@type\":\"BreadcrumbList\",\"@id\":\"https:\\\/\\\/www.riviera-networks.com\\\/fr\\\/solutions\\\/concevoir\\\/#breadcrumb\",\"itemListElement\":[{\"@type\":\"ListItem\",\"position\":1,\"name\":\"Home\",\"item\":\"https:\\\/\\\/www.riviera-networks.com\\\/fr\\\/\"},{\"@type\":\"ListItem\",\"position\":2,\"name\":\"Solutions\",\"item\":\"https:\\\/\\\/www.riviera-networks.com\\\/fr\\\/solutions\\\/\"},{\"@type\":\"ListItem\",\"position\":3,\"name\":\"Concevoir\"}]},{\"@type\":\"WebSite\",\"@id\":\"https:\\\/\\\/www.riviera-networks.com\\\/fr\\\/#website\",\"url\":\"https:\\\/\\\/www.riviera-networks.com\\\/fr\\\/\",\"name\":\"Riviera Networks Inc\",\"description\":\"Infrastructure Experts\",\"publisher\":{\"@id\":\"https:\\\/\\\/www.riviera-networks.com\\\/fr\\\/#organization\"},\"potentialAction\":[{\"@type\":\"SearchAction\",\"target\":{\"@type\":\"EntryPoint\",\"urlTemplate\":\"https:\\\/\\\/www.riviera-networks.com\\\/fr\\\/?s={search_term_string}\"},\"query-input\":{\"@type\":\"PropertyValueSpecification\",\"valueRequired\":true,\"valueName\":\"search_term_string\"}}],\"inLanguage\":\"en-US\"},{\"@type\":\"Organization\",\"@id\":\"https:\\\/\\\/www.riviera-networks.com\\\/fr\\\/#organization\",\"name\":\"Riviera Networks Inc\",\"url\":\"https:\\\/\\\/www.riviera-networks.com\\\/fr\\\/\",\"logo\":{\"@type\":\"ImageObject\",\"inLanguage\":\"en-US\",\"@id\":\"https:\\\/\\\/www.riviera-networks.com\\\/fr\\\/#\\\/schema\\\/logo\\\/image\\\/\",\"url\":\"https:\\\/\\\/www.riviera-networks.com\\\/wp-content\\\/uploads\\\/2020\\\/04\\\/rnilogo-white-bg1.png\",\"contentUrl\":\"https:\\\/\\\/www.riviera-networks.com\\\/wp-content\\\/uploads\\\/2020\\\/04\\\/rnilogo-white-bg1.png\",\"width\":849,\"height\":299,\"caption\":\"Riviera Networks Inc\"},\"image\":{\"@id\":\"https:\\\/\\\/www.riviera-networks.com\\\/fr\\\/#\\\/schema\\\/logo\\\/image\\\/\"},\"sameAs\":[\"https:\\\/\\\/x.com\\\/RivieraNetwrks\",\"https:\\\/\\\/www.linkedin.com\\\/company\\\/riviera-networks\\\/\"]}]}<\/script>\n<!-- \/ Yoast SEO plugin. -->","yoast_head_json":{"title":"Concevoir - Riviera Networks Inc","robots":{"index":"index","follow":"follow","max-snippet":"max-snippet:-1","max-image-preview":"max-image-preview:large","max-video-preview":"max-video-preview:-1"},"canonical":"https:\/\/www.riviera-networks.com\/en\/solutions\/concevoir\/","og_locale":"en_US","og_type":"article","og_title":"Concevoir - Riviera Networks Inc","og_description":"Une expertise multi-domaine et une approche globale des syst\u00e8mes d&rsquo;information Afin de vous fournir la r\u00e9ponse la mieux adapt\u00e9e \u00e0 vos probl\u00e9matiques informatiques, nos \u00e9quipes d\u2019architectes et ing\u00e9nieurs identifient les contraintes de votre m\u00e9tier et ce, quelque soit le domaine technique adress\u00e9. R\u00e9seau filaire, LAN et WAN R\u00e9seau sans fils [&hellip;]","og_url":"https:\/\/www.riviera-networks.com\/en\/solutions\/concevoir\/","og_site_name":"Riviera Networks Inc","article_modified_time":"2019-09-17T18:57:32+00:00","og_image":[{"url":"https:\/\/www.riviera-networks.com\/wp-content\/uploads\/2019\/09\/concevoir-sl.jpg","type":"","width":"","height":""}],"twitter_card":"summary_large_image","twitter_site":"@RivieraNetwrks","schema":{"@context":"https:\/\/schema.org","@graph":[{"@type":"WebPage","@id":"https:\/\/www.riviera-networks.com\/fr\/solutions\/concevoir\/","url":"https:\/\/www.riviera-networks.com\/fr\/solutions\/concevoir\/","name":"Concevoir - Riviera Networks Inc","isPartOf":{"@id":"https:\/\/www.riviera-networks.com\/fr\/#website"},"primaryImageOfPage":{"@id":"https:\/\/www.riviera-networks.com\/fr\/solutions\/concevoir\/#primaryimage"},"image":{"@id":"https:\/\/www.riviera-networks.com\/fr\/solutions\/concevoir\/#primaryimage"},"thumbnailUrl":"https:\/\/www.riviera-networks.com\/wp-content\/uploads\/2019\/09\/concevoir-sl.jpg","datePublished":"2019-09-05T05:29:29+00:00","dateModified":"2019-09-17T18:57:32+00:00","breadcrumb":{"@id":"https:\/\/www.riviera-networks.com\/fr\/solutions\/concevoir\/#breadcrumb"},"inLanguage":"en-US","potentialAction":[{"@type":"ReadAction","target":["https:\/\/www.riviera-networks.com\/fr\/solutions\/concevoir\/"]}]},{"@type":"ImageObject","inLanguage":"en-US","@id":"https:\/\/www.riviera-networks.com\/fr\/solutions\/concevoir\/#primaryimage","url":"https:\/\/www.riviera-networks.com\/wp-content\/uploads\/2019\/09\/concevoir-sl.jpg","contentUrl":"https:\/\/www.riviera-networks.com\/wp-content\/uploads\/2019\/09\/concevoir-sl.jpg"},{"@type":"BreadcrumbList","@id":"https:\/\/www.riviera-networks.com\/fr\/solutions\/concevoir\/#breadcrumb","itemListElement":[{"@type":"ListItem","position":1,"name":"Home","item":"https:\/\/www.riviera-networks.com\/fr\/"},{"@type":"ListItem","position":2,"name":"Solutions","item":"https:\/\/www.riviera-networks.com\/fr\/solutions\/"},{"@type":"ListItem","position":3,"name":"Concevoir"}]},{"@type":"WebSite","@id":"https:\/\/www.riviera-networks.com\/fr\/#website","url":"https:\/\/www.riviera-networks.com\/fr\/","name":"Riviera Networks Inc","description":"Infrastructure Experts","publisher":{"@id":"https:\/\/www.riviera-networks.com\/fr\/#organization"},"potentialAction":[{"@type":"SearchAction","target":{"@type":"EntryPoint","urlTemplate":"https:\/\/www.riviera-networks.com\/fr\/?s={search_term_string}"},"query-input":{"@type":"PropertyValueSpecification","valueRequired":true,"valueName":"search_term_string"}}],"inLanguage":"en-US"},{"@type":"Organization","@id":"https:\/\/www.riviera-networks.com\/fr\/#organization","name":"Riviera Networks Inc","url":"https:\/\/www.riviera-networks.com\/fr\/","logo":{"@type":"ImageObject","inLanguage":"en-US","@id":"https:\/\/www.riviera-networks.com\/fr\/#\/schema\/logo\/image\/","url":"https:\/\/www.riviera-networks.com\/wp-content\/uploads\/2020\/04\/rnilogo-white-bg1.png","contentUrl":"https:\/\/www.riviera-networks.com\/wp-content\/uploads\/2020\/04\/rnilogo-white-bg1.png","width":849,"height":299,"caption":"Riviera Networks Inc"},"image":{"@id":"https:\/\/www.riviera-networks.com\/fr\/#\/schema\/logo\/image\/"},"sameAs":["https:\/\/x.com\/RivieraNetwrks","https:\/\/www.linkedin.com\/company\/riviera-networks\/"]}]}},"jetpack-related-posts":[],"jetpack_sharing_enabled":true,"_links":{"self":[{"href":"https:\/\/www.riviera-networks.com\/en\/wp-json\/wp\/v2\/pages\/56","targetHints":{"allow":["GET"]}}],"collection":[{"href":"https:\/\/www.riviera-networks.com\/en\/wp-json\/wp\/v2\/pages"}],"about":[{"href":"https:\/\/www.riviera-networks.com\/en\/wp-json\/wp\/v2\/types\/page"}],"author":[{"embeddable":true,"href":"https:\/\/www.riviera-networks.com\/en\/wp-json\/wp\/v2\/users\/1"}],"replies":[{"embeddable":true,"href":"https:\/\/www.riviera-networks.com\/en\/wp-json\/wp\/v2\/comments?post=56"}],"version-history":[{"count":3,"href":"https:\/\/www.riviera-networks.com\/en\/wp-json\/wp\/v2\/pages\/56\/revisions"}],"predecessor-version":[{"id":225,"href":"https:\/\/www.riviera-networks.com\/en\/wp-json\/wp\/v2\/pages\/56\/revisions\/225"}],"up":[{"embeddable":true,"href":"https:\/\/www.riviera-networks.com\/en\/wp-json\/wp\/v2\/pages\/175"}],"wp:attachment":[{"href":"https:\/\/www.riviera-networks.com\/en\/wp-json\/wp\/v2\/media?parent=56"}],"curies":[{"name":"wp","href":"https:\/\/api.w.org\/{rel}","templated":true}]}}