{"id":58,"date":"2019-09-05T07:30:09","date_gmt":"2019-09-05T05:30:09","guid":{"rendered":"http:\/\/www.riviera-networks.com\/?page_id=58"},"modified":"2019-09-17T20:57:48","modified_gmt":"2019-09-17T18:57:48","slug":"deployer","status":"publish","type":"page","link":"https:\/\/www.riviera-networks.com\/en\/solutions\/deployer\/","title":{"rendered":"Deploy"},"content":{"rendered":"<figure class=\"wp-block-image\"><img data-recalc-dims=\"1\" fetchpriority=\"high\" decoding=\"async\" width=\"750\" height=\"368\" src=\"https:\/\/i0.wp.com\/www.riviera-networks.com\/wp-content\/uploads\/2019\/09\/deployer-sl.jpg?resize=750%2C368&#038;ssl=1\" alt=\"\" class=\"wp-image-80\" srcset=\"https:\/\/i0.wp.com\/www.riviera-networks.com\/wp-content\/uploads\/2019\/09\/deployer-sl.jpg?w=800&amp;ssl=1 800w, https:\/\/i0.wp.com\/www.riviera-networks.com\/wp-content\/uploads\/2019\/09\/deployer-sl.jpg?resize=600%2C295&amp;ssl=1 600w, https:\/\/i0.wp.com\/www.riviera-networks.com\/wp-content\/uploads\/2019\/09\/deployer-sl.jpg?resize=300%2C147&amp;ssl=1 300w, https:\/\/i0.wp.com\/www.riviera-networks.com\/wp-content\/uploads\/2019\/09\/deployer-sl.jpg?resize=768%2C377&amp;ssl=1 768w\" sizes=\"(max-width: 750px) 100vw, 750px\" \/><\/figure>\n\n\n\n<h2 class=\"wp-block-heading\">Global knowledge and management of integration processes to insure maximum performance<\/h2>\n\n\n\n<p>Deploying an IT solution needs an experience of complex projects and stressful environments. Our teams, as well as those of our partners, master all the needed procedures to act on your IT systems.<br> We assist you with each phase of your project which is in our scope, in the full and strict respect of your business constraints and working procedures.<\/p>\n\n\n\n<ul class=\"wp-block-list\"><li>Installation<\/li><li>Test and Validations<\/li><li>Training<\/li><\/ul>\n\n\n\n<blockquote class=\"wp-block-quote is-layout-flow wp-block-quote-is-layout-flow\"><p>Strict processes insure the success of the deployment. This is why we always deliver all the needed documentation needed for your total autonomy on the installed infrastructure.<\/p><\/blockquote>","protected":false},"excerpt":{"rendered":"<p>La ma\u00eetrise totale des processus d&rsquo;int\u00e9gration pour vous garantir une efficacit\u00e9 maximum D\u00e9ployer une solution informatique n\u00e9cessite une exp\u00e9rience des projets complexes et des environnements exigeants. Nos \u00e9quipes, comme nos partenaires, ma\u00eetrisent toutes les proc\u00e9dures n\u00e9cessaires \u00e0 l\u2019intervention sur vos syst\u00e8mes d\u2019information. Nous vous accompagnons \u00e0 chaque phase de votre [&hellip;]<\/p>\n","protected":false},"author":1,"featured_media":0,"parent":175,"menu_order":0,"comment_status":"closed","ping_status":"closed","template":"","meta":{"_exactmetrics_skip_tracking":false,"_exactmetrics_sitenote_active":false,"_exactmetrics_sitenote_note":"","_exactmetrics_sitenote_category":0,"footnotes":""},"class_list":["post-58","page","type-page","status-publish","hentry"],"yoast_head":"<!-- This site is optimized with the Yoast SEO plugin v27.4 - https:\/\/yoast.com\/product\/yoast-seo-wordpress\/ -->\n<title>D\u00e9ployer - Riviera Networks Inc<\/title>\n<meta name=\"robots\" content=\"index, follow, max-snippet:-1, max-image-preview:large, max-video-preview:-1\" \/>\n<link rel=\"canonical\" href=\"https:\/\/www.riviera-networks.com\/en\/solutions\/deployer\/\" \/>\n<meta property=\"og:locale\" content=\"en_US\" \/>\n<meta property=\"og:type\" content=\"article\" \/>\n<meta property=\"og:title\" content=\"D\u00e9ployer - Riviera Networks Inc\" \/>\n<meta property=\"og:description\" content=\"La ma\u00eetrise totale des processus d&rsquo;int\u00e9gration pour vous garantir une efficacit\u00e9 maximum D\u00e9ployer une solution informatique n\u00e9cessite une exp\u00e9rience des projets complexes et des environnements exigeants. Nos \u00e9quipes, comme nos partenaires, ma\u00eetrisent toutes les proc\u00e9dures n\u00e9cessaires \u00e0 l\u2019intervention sur vos syst\u00e8mes d\u2019information. Nous vous accompagnons \u00e0 chaque phase de votre [&hellip;]\" \/>\n<meta property=\"og:url\" content=\"https:\/\/www.riviera-networks.com\/en\/solutions\/deployer\/\" \/>\n<meta property=\"og:site_name\" content=\"Riviera Networks Inc\" \/>\n<meta property=\"article:modified_time\" content=\"2019-09-17T18:57:48+00:00\" \/>\n<meta property=\"og:image\" content=\"https:\/\/www.riviera-networks.com\/wp-content\/uploads\/2019\/09\/deployer-sl.jpg\" \/>\n<meta name=\"twitter:card\" content=\"summary_large_image\" \/>\n<meta name=\"twitter:site\" content=\"@RivieraNetwrks\" \/>\n<meta name=\"twitter:label1\" content=\"Est. reading time\" \/>\n\t<meta name=\"twitter:data1\" content=\"1 minute\" \/>\n<script type=\"application\/ld+json\" class=\"yoast-schema-graph\">{\"@context\":\"https:\\\/\\\/schema.org\",\"@graph\":[{\"@type\":\"WebPage\",\"@id\":\"https:\\\/\\\/www.riviera-networks.com\\\/en\\\/solutions\\\/deployer\\\/\",\"url\":\"https:\\\/\\\/www.riviera-networks.com\\\/en\\\/solutions\\\/deployer\\\/\",\"name\":\"D\u00e9ployer - Riviera Networks Inc\",\"isPartOf\":{\"@id\":\"https:\\\/\\\/www.riviera-networks.com\\\/fr\\\/#website\"},\"primaryImageOfPage\":{\"@id\":\"https:\\\/\\\/www.riviera-networks.com\\\/en\\\/solutions\\\/deployer\\\/#primaryimage\"},\"image\":{\"@id\":\"https:\\\/\\\/www.riviera-networks.com\\\/en\\\/solutions\\\/deployer\\\/#primaryimage\"},\"thumbnailUrl\":\"https:\\\/\\\/www.riviera-networks.com\\\/wp-content\\\/uploads\\\/2019\\\/09\\\/deployer-sl.jpg\",\"datePublished\":\"2019-09-05T05:30:09+00:00\",\"dateModified\":\"2019-09-17T18:57:48+00:00\",\"breadcrumb\":{\"@id\":\"https:\\\/\\\/www.riviera-networks.com\\\/en\\\/solutions\\\/deployer\\\/#breadcrumb\"},\"inLanguage\":\"en-US\",\"potentialAction\":[{\"@type\":\"ReadAction\",\"target\":[\"https:\\\/\\\/www.riviera-networks.com\\\/en\\\/solutions\\\/deployer\\\/\"]}]},{\"@type\":\"ImageObject\",\"inLanguage\":\"en-US\",\"@id\":\"https:\\\/\\\/www.riviera-networks.com\\\/en\\\/solutions\\\/deployer\\\/#primaryimage\",\"url\":\"https:\\\/\\\/www.riviera-networks.com\\\/wp-content\\\/uploads\\\/2019\\\/09\\\/deployer-sl.jpg\",\"contentUrl\":\"https:\\\/\\\/www.riviera-networks.com\\\/wp-content\\\/uploads\\\/2019\\\/09\\\/deployer-sl.jpg\"},{\"@type\":\"BreadcrumbList\",\"@id\":\"https:\\\/\\\/www.riviera-networks.com\\\/en\\\/solutions\\\/deployer\\\/#breadcrumb\",\"itemListElement\":[{\"@type\":\"ListItem\",\"position\":1,\"name\":\"Home\",\"item\":\"https:\\\/\\\/www.riviera-networks.com\\\/fr\\\/\"},{\"@type\":\"ListItem\",\"position\":2,\"name\":\"Solutions\",\"item\":\"https:\\\/\\\/www.riviera-networks.com\\\/fr\\\/solutions\\\/\"},{\"@type\":\"ListItem\",\"position\":3,\"name\":\"D\u00e9ployer\"}]},{\"@type\":\"WebSite\",\"@id\":\"https:\\\/\\\/www.riviera-networks.com\\\/fr\\\/#website\",\"url\":\"https:\\\/\\\/www.riviera-networks.com\\\/fr\\\/\",\"name\":\"Riviera Networks Inc\",\"description\":\"Infrastructure Experts\",\"publisher\":{\"@id\":\"https:\\\/\\\/www.riviera-networks.com\\\/fr\\\/#organization\"},\"potentialAction\":[{\"@type\":\"SearchAction\",\"target\":{\"@type\":\"EntryPoint\",\"urlTemplate\":\"https:\\\/\\\/www.riviera-networks.com\\\/fr\\\/?s={search_term_string}\"},\"query-input\":{\"@type\":\"PropertyValueSpecification\",\"valueRequired\":true,\"valueName\":\"search_term_string\"}}],\"inLanguage\":\"en-US\"},{\"@type\":\"Organization\",\"@id\":\"https:\\\/\\\/www.riviera-networks.com\\\/fr\\\/#organization\",\"name\":\"Riviera Networks Inc\",\"url\":\"https:\\\/\\\/www.riviera-networks.com\\\/fr\\\/\",\"logo\":{\"@type\":\"ImageObject\",\"inLanguage\":\"en-US\",\"@id\":\"https:\\\/\\\/www.riviera-networks.com\\\/fr\\\/#\\\/schema\\\/logo\\\/image\\\/\",\"url\":\"https:\\\/\\\/www.riviera-networks.com\\\/wp-content\\\/uploads\\\/2020\\\/04\\\/rnilogo-white-bg1.png\",\"contentUrl\":\"https:\\\/\\\/www.riviera-networks.com\\\/wp-content\\\/uploads\\\/2020\\\/04\\\/rnilogo-white-bg1.png\",\"width\":849,\"height\":299,\"caption\":\"Riviera Networks Inc\"},\"image\":{\"@id\":\"https:\\\/\\\/www.riviera-networks.com\\\/fr\\\/#\\\/schema\\\/logo\\\/image\\\/\"},\"sameAs\":[\"https:\\\/\\\/x.com\\\/RivieraNetwrks\",\"https:\\\/\\\/www.linkedin.com\\\/company\\\/riviera-networks\\\/\"]}]}<\/script>\n<!-- \/ Yoast SEO plugin. -->","yoast_head_json":{"title":"D\u00e9ployer - Riviera Networks Inc","robots":{"index":"index","follow":"follow","max-snippet":"max-snippet:-1","max-image-preview":"max-image-preview:large","max-video-preview":"max-video-preview:-1"},"canonical":"https:\/\/www.riviera-networks.com\/en\/solutions\/deployer\/","og_locale":"en_US","og_type":"article","og_title":"D\u00e9ployer - Riviera Networks Inc","og_description":"La ma\u00eetrise totale des processus d&rsquo;int\u00e9gration pour vous garantir une efficacit\u00e9 maximum D\u00e9ployer une solution informatique n\u00e9cessite une exp\u00e9rience des projets complexes et des environnements exigeants. Nos \u00e9quipes, comme nos partenaires, ma\u00eetrisent toutes les proc\u00e9dures n\u00e9cessaires \u00e0 l\u2019intervention sur vos syst\u00e8mes d\u2019information. Nous vous accompagnons \u00e0 chaque phase de votre [&hellip;]","og_url":"https:\/\/www.riviera-networks.com\/en\/solutions\/deployer\/","og_site_name":"Riviera Networks Inc","article_modified_time":"2019-09-17T18:57:48+00:00","og_image":[{"url":"https:\/\/www.riviera-networks.com\/wp-content\/uploads\/2019\/09\/deployer-sl.jpg","type":"","width":"","height":""}],"twitter_card":"summary_large_image","twitter_site":"@RivieraNetwrks","twitter_misc":{"Est. reading time":"1 minute"},"schema":{"@context":"https:\/\/schema.org","@graph":[{"@type":"WebPage","@id":"https:\/\/www.riviera-networks.com\/en\/solutions\/deployer\/","url":"https:\/\/www.riviera-networks.com\/en\/solutions\/deployer\/","name":"D\u00e9ployer - Riviera Networks Inc","isPartOf":{"@id":"https:\/\/www.riviera-networks.com\/fr\/#website"},"primaryImageOfPage":{"@id":"https:\/\/www.riviera-networks.com\/en\/solutions\/deployer\/#primaryimage"},"image":{"@id":"https:\/\/www.riviera-networks.com\/en\/solutions\/deployer\/#primaryimage"},"thumbnailUrl":"https:\/\/www.riviera-networks.com\/wp-content\/uploads\/2019\/09\/deployer-sl.jpg","datePublished":"2019-09-05T05:30:09+00:00","dateModified":"2019-09-17T18:57:48+00:00","breadcrumb":{"@id":"https:\/\/www.riviera-networks.com\/en\/solutions\/deployer\/#breadcrumb"},"inLanguage":"en-US","potentialAction":[{"@type":"ReadAction","target":["https:\/\/www.riviera-networks.com\/en\/solutions\/deployer\/"]}]},{"@type":"ImageObject","inLanguage":"en-US","@id":"https:\/\/www.riviera-networks.com\/en\/solutions\/deployer\/#primaryimage","url":"https:\/\/www.riviera-networks.com\/wp-content\/uploads\/2019\/09\/deployer-sl.jpg","contentUrl":"https:\/\/www.riviera-networks.com\/wp-content\/uploads\/2019\/09\/deployer-sl.jpg"},{"@type":"BreadcrumbList","@id":"https:\/\/www.riviera-networks.com\/en\/solutions\/deployer\/#breadcrumb","itemListElement":[{"@type":"ListItem","position":1,"name":"Home","item":"https:\/\/www.riviera-networks.com\/fr\/"},{"@type":"ListItem","position":2,"name":"Solutions","item":"https:\/\/www.riviera-networks.com\/fr\/solutions\/"},{"@type":"ListItem","position":3,"name":"D\u00e9ployer"}]},{"@type":"WebSite","@id":"https:\/\/www.riviera-networks.com\/fr\/#website","url":"https:\/\/www.riviera-networks.com\/fr\/","name":"Riviera Networks Inc","description":"Infrastructure Experts","publisher":{"@id":"https:\/\/www.riviera-networks.com\/fr\/#organization"},"potentialAction":[{"@type":"SearchAction","target":{"@type":"EntryPoint","urlTemplate":"https:\/\/www.riviera-networks.com\/fr\/?s={search_term_string}"},"query-input":{"@type":"PropertyValueSpecification","valueRequired":true,"valueName":"search_term_string"}}],"inLanguage":"en-US"},{"@type":"Organization","@id":"https:\/\/www.riviera-networks.com\/fr\/#organization","name":"Riviera Networks Inc","url":"https:\/\/www.riviera-networks.com\/fr\/","logo":{"@type":"ImageObject","inLanguage":"en-US","@id":"https:\/\/www.riviera-networks.com\/fr\/#\/schema\/logo\/image\/","url":"https:\/\/www.riviera-networks.com\/wp-content\/uploads\/2020\/04\/rnilogo-white-bg1.png","contentUrl":"https:\/\/www.riviera-networks.com\/wp-content\/uploads\/2020\/04\/rnilogo-white-bg1.png","width":849,"height":299,"caption":"Riviera Networks Inc"},"image":{"@id":"https:\/\/www.riviera-networks.com\/fr\/#\/schema\/logo\/image\/"},"sameAs":["https:\/\/x.com\/RivieraNetwrks","https:\/\/www.linkedin.com\/company\/riviera-networks\/"]}]}},"jetpack-related-posts":[],"jetpack_sharing_enabled":true,"_links":{"self":[{"href":"https:\/\/www.riviera-networks.com\/en\/wp-json\/wp\/v2\/pages\/58","targetHints":{"allow":["GET"]}}],"collection":[{"href":"https:\/\/www.riviera-networks.com\/en\/wp-json\/wp\/v2\/pages"}],"about":[{"href":"https:\/\/www.riviera-networks.com\/en\/wp-json\/wp\/v2\/types\/page"}],"author":[{"embeddable":true,"href":"https:\/\/www.riviera-networks.com\/en\/wp-json\/wp\/v2\/users\/1"}],"replies":[{"embeddable":true,"href":"https:\/\/www.riviera-networks.com\/en\/wp-json\/wp\/v2\/comments?post=58"}],"version-history":[{"count":2,"href":"https:\/\/www.riviera-networks.com\/en\/wp-json\/wp\/v2\/pages\/58\/revisions"}],"predecessor-version":[{"id":159,"href":"https:\/\/www.riviera-networks.com\/en\/wp-json\/wp\/v2\/pages\/58\/revisions\/159"}],"up":[{"embeddable":true,"href":"https:\/\/www.riviera-networks.com\/en\/wp-json\/wp\/v2\/pages\/175"}],"wp:attachment":[{"href":"https:\/\/www.riviera-networks.com\/en\/wp-json\/wp\/v2\/media?parent=58"}],"curies":[{"name":"wp","href":"https:\/\/api.w.org\/{rel}","templated":true}]}}