{"id":60,"date":"2019-09-05T07:30:50","date_gmt":"2019-09-05T05:30:50","guid":{"rendered":"http:\/\/www.riviera-networks.com\/?page_id=60"},"modified":"2019-09-17T20:57:39","modified_gmt":"2019-09-17T18:57:39","slug":"conseiller","status":"publish","type":"page","link":"https:\/\/www.riviera-networks.com\/en\/solutions\/conseiller\/","title":{"rendered":"Advise"},"content":{"rendered":"<figure class=\"wp-block-image\"><img data-recalc-dims=\"1\" fetchpriority=\"high\" decoding=\"async\" width=\"750\" height=\"338\" src=\"https:\/\/i0.wp.com\/www.riviera-networks.com\/wp-content\/uploads\/2019\/09\/conseiller-sl.jpg?resize=750%2C338&#038;ssl=1\" alt=\"\" class=\"wp-image-76\" srcset=\"https:\/\/i0.wp.com\/www.riviera-networks.com\/wp-content\/uploads\/2019\/09\/conseiller-sl.jpg?w=800&amp;ssl=1 800w, https:\/\/i0.wp.com\/www.riviera-networks.com\/wp-content\/uploads\/2019\/09\/conseiller-sl.jpg?resize=600%2C271&amp;ssl=1 600w, https:\/\/i0.wp.com\/www.riviera-networks.com\/wp-content\/uploads\/2019\/09\/conseiller-sl.jpg?resize=300%2C135&amp;ssl=1 300w, https:\/\/i0.wp.com\/www.riviera-networks.com\/wp-content\/uploads\/2019\/09\/conseiller-sl.jpg?resize=768%2C347&amp;ssl=1 768w\" sizes=\"(max-width: 750px) 100vw, 750px\" \/><\/figure>\n\n\n\n<h2 class=\"wp-block-heading\">We help you make the right choices, going for simple and long-term solutions<\/h2>\n\n\n\n<p>We bring you our expertise to help you make the best decisions for the management of your IT system.<br> Weather for a technical, architectural, or audit issue, our specialists are a real bonus for your project success.<\/p>\n\n\n\n<ul class=\"wp-block-list\"><li>Network Audit<\/li><li>Security Audit<\/li><li>Structural Audit<\/li><li>Technological Evolution monitoring<\/li><\/ul>","protected":false},"excerpt":{"rendered":"<p>Une aide \u00e0 la prise de d\u00e9cision afin de privil\u00e9gier des solutions simples et p\u00e9rennes Nous vous apportons notre expertise pour vous aider \u00e0 effectuer les meilleurs choix dans la gouvernance de votre syst\u00e8me d\u2019information. Que ce soit pour un choix technologique, architectural, un \u00e9tat des lieux ou une reprise [&hellip;]<\/p>\n","protected":false},"author":1,"featured_media":0,"parent":175,"menu_order":0,"comment_status":"closed","ping_status":"closed","template":"","meta":{"_exactmetrics_skip_tracking":false,"_exactmetrics_sitenote_active":false,"_exactmetrics_sitenote_note":"","_exactmetrics_sitenote_category":0,"footnotes":""},"class_list":["post-60","page","type-page","status-publish","hentry"],"yoast_head":"<!-- This site is optimized with the Yoast SEO plugin v27.4 - https:\/\/yoast.com\/product\/yoast-seo-wordpress\/ -->\n<title>Conseiller - Riviera Networks Inc<\/title>\n<meta name=\"robots\" content=\"index, follow, max-snippet:-1, max-image-preview:large, max-video-preview:-1\" \/>\n<link rel=\"canonical\" href=\"https:\/\/www.riviera-networks.com\/en\/solutions\/conseiller\/\" \/>\n<meta property=\"og:locale\" content=\"en_US\" \/>\n<meta property=\"og:type\" content=\"article\" \/>\n<meta property=\"og:title\" content=\"Conseiller - Riviera Networks Inc\" \/>\n<meta property=\"og:description\" content=\"Une aide \u00e0 la prise de d\u00e9cision afin de privil\u00e9gier des solutions simples et p\u00e9rennes Nous vous apportons notre expertise pour vous aider \u00e0 effectuer les meilleurs choix dans la gouvernance de votre syst\u00e8me d\u2019information. Que ce soit pour un choix technologique, architectural, un \u00e9tat des lieux ou une reprise [&hellip;]\" \/>\n<meta property=\"og:url\" content=\"https:\/\/www.riviera-networks.com\/en\/solutions\/conseiller\/\" \/>\n<meta property=\"og:site_name\" content=\"Riviera Networks Inc\" \/>\n<meta property=\"article:modified_time\" content=\"2019-09-17T18:57:39+00:00\" \/>\n<meta property=\"og:image\" content=\"https:\/\/www.riviera-networks.com\/wp-content\/uploads\/2019\/09\/conseiller-sl.jpg\" \/>\n<meta name=\"twitter:card\" content=\"summary_large_image\" \/>\n<meta name=\"twitter:site\" content=\"@RivieraNetwrks\" \/>\n<script type=\"application\/ld+json\" class=\"yoast-schema-graph\">{\"@context\":\"https:\\\/\\\/schema.org\",\"@graph\":[{\"@type\":\"WebPage\",\"@id\":\"https:\\\/\\\/www.riviera-networks.com\\\/fr\\\/solutions\\\/conseiller\\\/\",\"url\":\"https:\\\/\\\/www.riviera-networks.com\\\/fr\\\/solutions\\\/conseiller\\\/\",\"name\":\"Conseiller - Riviera Networks Inc\",\"isPartOf\":{\"@id\":\"https:\\\/\\\/www.riviera-networks.com\\\/fr\\\/#website\"},\"primaryImageOfPage\":{\"@id\":\"https:\\\/\\\/www.riviera-networks.com\\\/fr\\\/solutions\\\/conseiller\\\/#primaryimage\"},\"image\":{\"@id\":\"https:\\\/\\\/www.riviera-networks.com\\\/fr\\\/solutions\\\/conseiller\\\/#primaryimage\"},\"thumbnailUrl\":\"https:\\\/\\\/www.riviera-networks.com\\\/wp-content\\\/uploads\\\/2019\\\/09\\\/conseiller-sl.jpg\",\"datePublished\":\"2019-09-05T05:30:50+00:00\",\"dateModified\":\"2019-09-17T18:57:39+00:00\",\"breadcrumb\":{\"@id\":\"https:\\\/\\\/www.riviera-networks.com\\\/fr\\\/solutions\\\/conseiller\\\/#breadcrumb\"},\"inLanguage\":\"en-US\",\"potentialAction\":[{\"@type\":\"ReadAction\",\"target\":[\"https:\\\/\\\/www.riviera-networks.com\\\/fr\\\/solutions\\\/conseiller\\\/\"]}]},{\"@type\":\"ImageObject\",\"inLanguage\":\"en-US\",\"@id\":\"https:\\\/\\\/www.riviera-networks.com\\\/fr\\\/solutions\\\/conseiller\\\/#primaryimage\",\"url\":\"https:\\\/\\\/www.riviera-networks.com\\\/wp-content\\\/uploads\\\/2019\\\/09\\\/conseiller-sl.jpg\",\"contentUrl\":\"https:\\\/\\\/www.riviera-networks.com\\\/wp-content\\\/uploads\\\/2019\\\/09\\\/conseiller-sl.jpg\"},{\"@type\":\"BreadcrumbList\",\"@id\":\"https:\\\/\\\/www.riviera-networks.com\\\/fr\\\/solutions\\\/conseiller\\\/#breadcrumb\",\"itemListElement\":[{\"@type\":\"ListItem\",\"position\":1,\"name\":\"Home\",\"item\":\"https:\\\/\\\/www.riviera-networks.com\\\/fr\\\/\"},{\"@type\":\"ListItem\",\"position\":2,\"name\":\"Solutions\",\"item\":\"https:\\\/\\\/www.riviera-networks.com\\\/fr\\\/solutions\\\/\"},{\"@type\":\"ListItem\",\"position\":3,\"name\":\"Conseiller\"}]},{\"@type\":\"WebSite\",\"@id\":\"https:\\\/\\\/www.riviera-networks.com\\\/fr\\\/#website\",\"url\":\"https:\\\/\\\/www.riviera-networks.com\\\/fr\\\/\",\"name\":\"Riviera Networks Inc\",\"description\":\"Infrastructure Experts\",\"publisher\":{\"@id\":\"https:\\\/\\\/www.riviera-networks.com\\\/fr\\\/#organization\"},\"potentialAction\":[{\"@type\":\"SearchAction\",\"target\":{\"@type\":\"EntryPoint\",\"urlTemplate\":\"https:\\\/\\\/www.riviera-networks.com\\\/fr\\\/?s={search_term_string}\"},\"query-input\":{\"@type\":\"PropertyValueSpecification\",\"valueRequired\":true,\"valueName\":\"search_term_string\"}}],\"inLanguage\":\"en-US\"},{\"@type\":\"Organization\",\"@id\":\"https:\\\/\\\/www.riviera-networks.com\\\/fr\\\/#organization\",\"name\":\"Riviera Networks Inc\",\"url\":\"https:\\\/\\\/www.riviera-networks.com\\\/fr\\\/\",\"logo\":{\"@type\":\"ImageObject\",\"inLanguage\":\"en-US\",\"@id\":\"https:\\\/\\\/www.riviera-networks.com\\\/fr\\\/#\\\/schema\\\/logo\\\/image\\\/\",\"url\":\"https:\\\/\\\/www.riviera-networks.com\\\/wp-content\\\/uploads\\\/2020\\\/04\\\/rnilogo-white-bg1.png\",\"contentUrl\":\"https:\\\/\\\/www.riviera-networks.com\\\/wp-content\\\/uploads\\\/2020\\\/04\\\/rnilogo-white-bg1.png\",\"width\":849,\"height\":299,\"caption\":\"Riviera Networks Inc\"},\"image\":{\"@id\":\"https:\\\/\\\/www.riviera-networks.com\\\/fr\\\/#\\\/schema\\\/logo\\\/image\\\/\"},\"sameAs\":[\"https:\\\/\\\/x.com\\\/RivieraNetwrks\",\"https:\\\/\\\/www.linkedin.com\\\/company\\\/riviera-networks\\\/\"]}]}<\/script>\n<!-- \/ Yoast SEO plugin. -->","yoast_head_json":{"title":"Conseiller - Riviera Networks Inc","robots":{"index":"index","follow":"follow","max-snippet":"max-snippet:-1","max-image-preview":"max-image-preview:large","max-video-preview":"max-video-preview:-1"},"canonical":"https:\/\/www.riviera-networks.com\/en\/solutions\/conseiller\/","og_locale":"en_US","og_type":"article","og_title":"Conseiller - Riviera Networks Inc","og_description":"Une aide \u00e0 la prise de d\u00e9cision afin de privil\u00e9gier des solutions simples et p\u00e9rennes Nous vous apportons notre expertise pour vous aider \u00e0 effectuer les meilleurs choix dans la gouvernance de votre syst\u00e8me d\u2019information. Que ce soit pour un choix technologique, architectural, un \u00e9tat des lieux ou une reprise [&hellip;]","og_url":"https:\/\/www.riviera-networks.com\/en\/solutions\/conseiller\/","og_site_name":"Riviera Networks Inc","article_modified_time":"2019-09-17T18:57:39+00:00","og_image":[{"url":"https:\/\/www.riviera-networks.com\/wp-content\/uploads\/2019\/09\/conseiller-sl.jpg","type":"","width":"","height":""}],"twitter_card":"summary_large_image","twitter_site":"@RivieraNetwrks","schema":{"@context":"https:\/\/schema.org","@graph":[{"@type":"WebPage","@id":"https:\/\/www.riviera-networks.com\/fr\/solutions\/conseiller\/","url":"https:\/\/www.riviera-networks.com\/fr\/solutions\/conseiller\/","name":"Conseiller - Riviera Networks Inc","isPartOf":{"@id":"https:\/\/www.riviera-networks.com\/fr\/#website"},"primaryImageOfPage":{"@id":"https:\/\/www.riviera-networks.com\/fr\/solutions\/conseiller\/#primaryimage"},"image":{"@id":"https:\/\/www.riviera-networks.com\/fr\/solutions\/conseiller\/#primaryimage"},"thumbnailUrl":"https:\/\/www.riviera-networks.com\/wp-content\/uploads\/2019\/09\/conseiller-sl.jpg","datePublished":"2019-09-05T05:30:50+00:00","dateModified":"2019-09-17T18:57:39+00:00","breadcrumb":{"@id":"https:\/\/www.riviera-networks.com\/fr\/solutions\/conseiller\/#breadcrumb"},"inLanguage":"en-US","potentialAction":[{"@type":"ReadAction","target":["https:\/\/www.riviera-networks.com\/fr\/solutions\/conseiller\/"]}]},{"@type":"ImageObject","inLanguage":"en-US","@id":"https:\/\/www.riviera-networks.com\/fr\/solutions\/conseiller\/#primaryimage","url":"https:\/\/www.riviera-networks.com\/wp-content\/uploads\/2019\/09\/conseiller-sl.jpg","contentUrl":"https:\/\/www.riviera-networks.com\/wp-content\/uploads\/2019\/09\/conseiller-sl.jpg"},{"@type":"BreadcrumbList","@id":"https:\/\/www.riviera-networks.com\/fr\/solutions\/conseiller\/#breadcrumb","itemListElement":[{"@type":"ListItem","position":1,"name":"Home","item":"https:\/\/www.riviera-networks.com\/fr\/"},{"@type":"ListItem","position":2,"name":"Solutions","item":"https:\/\/www.riviera-networks.com\/fr\/solutions\/"},{"@type":"ListItem","position":3,"name":"Conseiller"}]},{"@type":"WebSite","@id":"https:\/\/www.riviera-networks.com\/fr\/#website","url":"https:\/\/www.riviera-networks.com\/fr\/","name":"Riviera Networks Inc","description":"Infrastructure Experts","publisher":{"@id":"https:\/\/www.riviera-networks.com\/fr\/#organization"},"potentialAction":[{"@type":"SearchAction","target":{"@type":"EntryPoint","urlTemplate":"https:\/\/www.riviera-networks.com\/fr\/?s={search_term_string}"},"query-input":{"@type":"PropertyValueSpecification","valueRequired":true,"valueName":"search_term_string"}}],"inLanguage":"en-US"},{"@type":"Organization","@id":"https:\/\/www.riviera-networks.com\/fr\/#organization","name":"Riviera Networks Inc","url":"https:\/\/www.riviera-networks.com\/fr\/","logo":{"@type":"ImageObject","inLanguage":"en-US","@id":"https:\/\/www.riviera-networks.com\/fr\/#\/schema\/logo\/image\/","url":"https:\/\/www.riviera-networks.com\/wp-content\/uploads\/2020\/04\/rnilogo-white-bg1.png","contentUrl":"https:\/\/www.riviera-networks.com\/wp-content\/uploads\/2020\/04\/rnilogo-white-bg1.png","width":849,"height":299,"caption":"Riviera Networks Inc"},"image":{"@id":"https:\/\/www.riviera-networks.com\/fr\/#\/schema\/logo\/image\/"},"sameAs":["https:\/\/x.com\/RivieraNetwrks","https:\/\/www.linkedin.com\/company\/riviera-networks\/"]}]}},"jetpack-related-posts":[],"jetpack_sharing_enabled":true,"_links":{"self":[{"href":"https:\/\/www.riviera-networks.com\/en\/wp-json\/wp\/v2\/pages\/60","targetHints":{"allow":["GET"]}}],"collection":[{"href":"https:\/\/www.riviera-networks.com\/en\/wp-json\/wp\/v2\/pages"}],"about":[{"href":"https:\/\/www.riviera-networks.com\/en\/wp-json\/wp\/v2\/types\/page"}],"author":[{"embeddable":true,"href":"https:\/\/www.riviera-networks.com\/en\/wp-json\/wp\/v2\/users\/1"}],"replies":[{"embeddable":true,"href":"https:\/\/www.riviera-networks.com\/en\/wp-json\/wp\/v2\/comments?post=60"}],"version-history":[{"count":2,"href":"https:\/\/www.riviera-networks.com\/en\/wp-json\/wp\/v2\/pages\/60\/revisions"}],"predecessor-version":[{"id":158,"href":"https:\/\/www.riviera-networks.com\/en\/wp-json\/wp\/v2\/pages\/60\/revisions\/158"}],"up":[{"embeddable":true,"href":"https:\/\/www.riviera-networks.com\/en\/wp-json\/wp\/v2\/pages\/175"}],"wp:attachment":[{"href":"https:\/\/www.riviera-networks.com\/en\/wp-json\/wp\/v2\/media?parent=60"}],"curies":[{"name":"wp","href":"https:\/\/api.w.org\/{rel}","templated":true}]}}