{"id":64,"date":"2019-09-05T07:33:55","date_gmt":"2019-09-05T05:33:55","guid":{"rendered":"http:\/\/www.riviera-networks.com\/?page_id=64"},"modified":"2019-09-17T20:58:07","modified_gmt":"2019-09-17T18:58:07","slug":"accompagner","status":"publish","type":"page","link":"https:\/\/www.riviera-networks.com\/en\/solutions\/accompagner\/","title":{"rendered":"Assist"},"content":{"rendered":"<figure class=\"wp-block-image\"><img data-recalc-dims=\"1\" fetchpriority=\"high\" decoding=\"async\" width=\"750\" height=\"279\" src=\"https:\/\/i0.wp.com\/www.riviera-networks.com\/wp-content\/uploads\/2019\/09\/accompagner-sl.jpg?resize=750%2C279&#038;ssl=1\" alt=\"\" class=\"wp-image-71\" srcset=\"https:\/\/i0.wp.com\/www.riviera-networks.com\/wp-content\/uploads\/2019\/09\/accompagner-sl.jpg?w=800&amp;ssl=1 800w, https:\/\/i0.wp.com\/www.riviera-networks.com\/wp-content\/uploads\/2019\/09\/accompagner-sl.jpg?resize=600%2C224&amp;ssl=1 600w, https:\/\/i0.wp.com\/www.riviera-networks.com\/wp-content\/uploads\/2019\/09\/accompagner-sl.jpg?resize=300%2C112&amp;ssl=1 300w, https:\/\/i0.wp.com\/www.riviera-networks.com\/wp-content\/uploads\/2019\/09\/accompagner-sl.jpg?resize=768%2C286&amp;ssl=1 768w\" sizes=\"(max-width: 750px) 100vw, 750px\" \/><\/figure>\n\n\n\n<h2 class=\"wp-block-heading\">Support and training solutions for each project<\/h2>\n\n\n\n<p>Assistance and training are key steps in a successful deployment of new infrastructures.<br>ToIP, Wifi or new services, we have developped custom offers to provide you the use of the full potential and control of your installations.<\/p>\n\n\n\n<ul class=\"wp-block-list\"><li>Technical Training of the IT Teams<\/li><li>End-Users training<\/li><li>Personalised Support on all your equipments<\/li><li>Hardware and Software support<\/li><\/ul>","protected":false},"excerpt":{"rendered":"<p>Des solutions de maintenance et de formation adapt\u00e9es \u00e0 chaque projet L\u2019accompagnement est une \u00e9tape fondamentale dans la mise en place de nouvelles infrastructures.Pour tous vos nouveaux services, nous avons d\u00e9velopp\u00e9 des offres sur mesure afin de vous garantir la prise en main et la ma\u00eetrise de l\u2019ensemble de vos [&hellip;]<\/p>\n","protected":false},"author":1,"featured_media":0,"parent":175,"menu_order":0,"comment_status":"closed","ping_status":"closed","template":"","meta":{"_exactmetrics_skip_tracking":false,"_exactmetrics_sitenote_active":false,"_exactmetrics_sitenote_note":"","_exactmetrics_sitenote_category":0,"footnotes":""},"class_list":["post-64","page","type-page","status-publish","hentry"],"yoast_head":"<!-- This site is optimized with the Yoast SEO plugin v27.4 - https:\/\/yoast.com\/product\/yoast-seo-wordpress\/ -->\n<title>Accompagner - Riviera Networks Inc<\/title>\n<meta name=\"robots\" content=\"index, follow, max-snippet:-1, max-image-preview:large, max-video-preview:-1\" \/>\n<link rel=\"canonical\" href=\"https:\/\/www.riviera-networks.com\/en\/solutions\/accompagner\/\" \/>\n<meta property=\"og:locale\" content=\"en_US\" \/>\n<meta property=\"og:type\" content=\"article\" \/>\n<meta property=\"og:title\" content=\"Accompagner - Riviera Networks Inc\" \/>\n<meta property=\"og:description\" content=\"Des solutions de maintenance et de formation adapt\u00e9es \u00e0 chaque projet L\u2019accompagnement est une \u00e9tape fondamentale dans la mise en place de nouvelles infrastructures.Pour tous vos nouveaux services, nous avons d\u00e9velopp\u00e9 des offres sur mesure afin de vous garantir la prise en main et la ma\u00eetrise de l\u2019ensemble de vos [&hellip;]\" \/>\n<meta property=\"og:url\" content=\"https:\/\/www.riviera-networks.com\/en\/solutions\/accompagner\/\" \/>\n<meta property=\"og:site_name\" content=\"Riviera Networks Inc\" \/>\n<meta property=\"article:modified_time\" content=\"2019-09-17T18:58:07+00:00\" \/>\n<meta property=\"og:image\" content=\"https:\/\/www.riviera-networks.com\/wp-content\/uploads\/2019\/09\/accompagner-sl.jpg\" \/>\n<meta name=\"twitter:card\" content=\"summary_large_image\" \/>\n<meta name=\"twitter:site\" content=\"@RivieraNetwrks\" \/>\n<script type=\"application\/ld+json\" class=\"yoast-schema-graph\">{\"@context\":\"https:\\\/\\\/schema.org\",\"@graph\":[{\"@type\":\"WebPage\",\"@id\":\"https:\\\/\\\/www.riviera-networks.com\\\/fr\\\/solutions\\\/accompagner\\\/\",\"url\":\"https:\\\/\\\/www.riviera-networks.com\\\/fr\\\/solutions\\\/accompagner\\\/\",\"name\":\"Accompagner - Riviera Networks Inc\",\"isPartOf\":{\"@id\":\"https:\\\/\\\/www.riviera-networks.com\\\/fr\\\/#website\"},\"primaryImageOfPage\":{\"@id\":\"https:\\\/\\\/www.riviera-networks.com\\\/fr\\\/solutions\\\/accompagner\\\/#primaryimage\"},\"image\":{\"@id\":\"https:\\\/\\\/www.riviera-networks.com\\\/fr\\\/solutions\\\/accompagner\\\/#primaryimage\"},\"thumbnailUrl\":\"https:\\\/\\\/www.riviera-networks.com\\\/wp-content\\\/uploads\\\/2019\\\/09\\\/accompagner-sl.jpg\",\"datePublished\":\"2019-09-05T05:33:55+00:00\",\"dateModified\":\"2019-09-17T18:58:07+00:00\",\"breadcrumb\":{\"@id\":\"https:\\\/\\\/www.riviera-networks.com\\\/fr\\\/solutions\\\/accompagner\\\/#breadcrumb\"},\"inLanguage\":\"en-US\",\"potentialAction\":[{\"@type\":\"ReadAction\",\"target\":[\"https:\\\/\\\/www.riviera-networks.com\\\/fr\\\/solutions\\\/accompagner\\\/\"]}]},{\"@type\":\"ImageObject\",\"inLanguage\":\"en-US\",\"@id\":\"https:\\\/\\\/www.riviera-networks.com\\\/fr\\\/solutions\\\/accompagner\\\/#primaryimage\",\"url\":\"https:\\\/\\\/www.riviera-networks.com\\\/wp-content\\\/uploads\\\/2019\\\/09\\\/accompagner-sl.jpg\",\"contentUrl\":\"https:\\\/\\\/www.riviera-networks.com\\\/wp-content\\\/uploads\\\/2019\\\/09\\\/accompagner-sl.jpg\"},{\"@type\":\"BreadcrumbList\",\"@id\":\"https:\\\/\\\/www.riviera-networks.com\\\/fr\\\/solutions\\\/accompagner\\\/#breadcrumb\",\"itemListElement\":[{\"@type\":\"ListItem\",\"position\":1,\"name\":\"Home\",\"item\":\"https:\\\/\\\/www.riviera-networks.com\\\/fr\\\/\"},{\"@type\":\"ListItem\",\"position\":2,\"name\":\"Solutions\",\"item\":\"https:\\\/\\\/www.riviera-networks.com\\\/fr\\\/solutions\\\/\"},{\"@type\":\"ListItem\",\"position\":3,\"name\":\"Accompagner\"}]},{\"@type\":\"WebSite\",\"@id\":\"https:\\\/\\\/www.riviera-networks.com\\\/fr\\\/#website\",\"url\":\"https:\\\/\\\/www.riviera-networks.com\\\/fr\\\/\",\"name\":\"Riviera Networks Inc\",\"description\":\"Infrastructure Experts\",\"publisher\":{\"@id\":\"https:\\\/\\\/www.riviera-networks.com\\\/fr\\\/#organization\"},\"potentialAction\":[{\"@type\":\"SearchAction\",\"target\":{\"@type\":\"EntryPoint\",\"urlTemplate\":\"https:\\\/\\\/www.riviera-networks.com\\\/fr\\\/?s={search_term_string}\"},\"query-input\":{\"@type\":\"PropertyValueSpecification\",\"valueRequired\":true,\"valueName\":\"search_term_string\"}}],\"inLanguage\":\"en-US\"},{\"@type\":\"Organization\",\"@id\":\"https:\\\/\\\/www.riviera-networks.com\\\/fr\\\/#organization\",\"name\":\"Riviera Networks Inc\",\"url\":\"https:\\\/\\\/www.riviera-networks.com\\\/fr\\\/\",\"logo\":{\"@type\":\"ImageObject\",\"inLanguage\":\"en-US\",\"@id\":\"https:\\\/\\\/www.riviera-networks.com\\\/fr\\\/#\\\/schema\\\/logo\\\/image\\\/\",\"url\":\"https:\\\/\\\/www.riviera-networks.com\\\/wp-content\\\/uploads\\\/2020\\\/04\\\/rnilogo-white-bg1.png\",\"contentUrl\":\"https:\\\/\\\/www.riviera-networks.com\\\/wp-content\\\/uploads\\\/2020\\\/04\\\/rnilogo-white-bg1.png\",\"width\":849,\"height\":299,\"caption\":\"Riviera Networks Inc\"},\"image\":{\"@id\":\"https:\\\/\\\/www.riviera-networks.com\\\/fr\\\/#\\\/schema\\\/logo\\\/image\\\/\"},\"sameAs\":[\"https:\\\/\\\/x.com\\\/RivieraNetwrks\",\"https:\\\/\\\/www.linkedin.com\\\/company\\\/riviera-networks\\\/\"]}]}<\/script>\n<!-- \/ Yoast SEO plugin. -->","yoast_head_json":{"title":"Accompagner - Riviera Networks Inc","robots":{"index":"index","follow":"follow","max-snippet":"max-snippet:-1","max-image-preview":"max-image-preview:large","max-video-preview":"max-video-preview:-1"},"canonical":"https:\/\/www.riviera-networks.com\/en\/solutions\/accompagner\/","og_locale":"en_US","og_type":"article","og_title":"Accompagner - Riviera Networks Inc","og_description":"Des solutions de maintenance et de formation adapt\u00e9es \u00e0 chaque projet L\u2019accompagnement est une \u00e9tape fondamentale dans la mise en place de nouvelles infrastructures.Pour tous vos nouveaux services, nous avons d\u00e9velopp\u00e9 des offres sur mesure afin de vous garantir la prise en main et la ma\u00eetrise de l\u2019ensemble de vos [&hellip;]","og_url":"https:\/\/www.riviera-networks.com\/en\/solutions\/accompagner\/","og_site_name":"Riviera Networks Inc","article_modified_time":"2019-09-17T18:58:07+00:00","og_image":[{"url":"https:\/\/www.riviera-networks.com\/wp-content\/uploads\/2019\/09\/accompagner-sl.jpg","type":"","width":"","height":""}],"twitter_card":"summary_large_image","twitter_site":"@RivieraNetwrks","schema":{"@context":"https:\/\/schema.org","@graph":[{"@type":"WebPage","@id":"https:\/\/www.riviera-networks.com\/fr\/solutions\/accompagner\/","url":"https:\/\/www.riviera-networks.com\/fr\/solutions\/accompagner\/","name":"Accompagner - Riviera Networks Inc","isPartOf":{"@id":"https:\/\/www.riviera-networks.com\/fr\/#website"},"primaryImageOfPage":{"@id":"https:\/\/www.riviera-networks.com\/fr\/solutions\/accompagner\/#primaryimage"},"image":{"@id":"https:\/\/www.riviera-networks.com\/fr\/solutions\/accompagner\/#primaryimage"},"thumbnailUrl":"https:\/\/www.riviera-networks.com\/wp-content\/uploads\/2019\/09\/accompagner-sl.jpg","datePublished":"2019-09-05T05:33:55+00:00","dateModified":"2019-09-17T18:58:07+00:00","breadcrumb":{"@id":"https:\/\/www.riviera-networks.com\/fr\/solutions\/accompagner\/#breadcrumb"},"inLanguage":"en-US","potentialAction":[{"@type":"ReadAction","target":["https:\/\/www.riviera-networks.com\/fr\/solutions\/accompagner\/"]}]},{"@type":"ImageObject","inLanguage":"en-US","@id":"https:\/\/www.riviera-networks.com\/fr\/solutions\/accompagner\/#primaryimage","url":"https:\/\/www.riviera-networks.com\/wp-content\/uploads\/2019\/09\/accompagner-sl.jpg","contentUrl":"https:\/\/www.riviera-networks.com\/wp-content\/uploads\/2019\/09\/accompagner-sl.jpg"},{"@type":"BreadcrumbList","@id":"https:\/\/www.riviera-networks.com\/fr\/solutions\/accompagner\/#breadcrumb","itemListElement":[{"@type":"ListItem","position":1,"name":"Home","item":"https:\/\/www.riviera-networks.com\/fr\/"},{"@type":"ListItem","position":2,"name":"Solutions","item":"https:\/\/www.riviera-networks.com\/fr\/solutions\/"},{"@type":"ListItem","position":3,"name":"Accompagner"}]},{"@type":"WebSite","@id":"https:\/\/www.riviera-networks.com\/fr\/#website","url":"https:\/\/www.riviera-networks.com\/fr\/","name":"Riviera Networks Inc","description":"Infrastructure Experts","publisher":{"@id":"https:\/\/www.riviera-networks.com\/fr\/#organization"},"potentialAction":[{"@type":"SearchAction","target":{"@type":"EntryPoint","urlTemplate":"https:\/\/www.riviera-networks.com\/fr\/?s={search_term_string}"},"query-input":{"@type":"PropertyValueSpecification","valueRequired":true,"valueName":"search_term_string"}}],"inLanguage":"en-US"},{"@type":"Organization","@id":"https:\/\/www.riviera-networks.com\/fr\/#organization","name":"Riviera Networks Inc","url":"https:\/\/www.riviera-networks.com\/fr\/","logo":{"@type":"ImageObject","inLanguage":"en-US","@id":"https:\/\/www.riviera-networks.com\/fr\/#\/schema\/logo\/image\/","url":"https:\/\/www.riviera-networks.com\/wp-content\/uploads\/2020\/04\/rnilogo-white-bg1.png","contentUrl":"https:\/\/www.riviera-networks.com\/wp-content\/uploads\/2020\/04\/rnilogo-white-bg1.png","width":849,"height":299,"caption":"Riviera Networks Inc"},"image":{"@id":"https:\/\/www.riviera-networks.com\/fr\/#\/schema\/logo\/image\/"},"sameAs":["https:\/\/x.com\/RivieraNetwrks","https:\/\/www.linkedin.com\/company\/riviera-networks\/"]}]}},"jetpack-related-posts":[],"jetpack_sharing_enabled":true,"_links":{"self":[{"href":"https:\/\/www.riviera-networks.com\/en\/wp-json\/wp\/v2\/pages\/64","targetHints":{"allow":["GET"]}}],"collection":[{"href":"https:\/\/www.riviera-networks.com\/en\/wp-json\/wp\/v2\/pages"}],"about":[{"href":"https:\/\/www.riviera-networks.com\/en\/wp-json\/wp\/v2\/types\/page"}],"author":[{"embeddable":true,"href":"https:\/\/www.riviera-networks.com\/en\/wp-json\/wp\/v2\/users\/1"}],"replies":[{"embeddable":true,"href":"https:\/\/www.riviera-networks.com\/en\/wp-json\/wp\/v2\/comments?post=64"}],"version-history":[{"count":2,"href":"https:\/\/www.riviera-networks.com\/en\/wp-json\/wp\/v2\/pages\/64\/revisions"}],"predecessor-version":[{"id":155,"href":"https:\/\/www.riviera-networks.com\/en\/wp-json\/wp\/v2\/pages\/64\/revisions\/155"}],"up":[{"embeddable":true,"href":"https:\/\/www.riviera-networks.com\/en\/wp-json\/wp\/v2\/pages\/175"}],"wp:attachment":[{"href":"https:\/\/www.riviera-networks.com\/en\/wp-json\/wp\/v2\/media?parent=64"}],"curies":[{"name":"wp","href":"https:\/\/api.w.org\/{rel}","templated":true}]}}