{"id":824,"date":"2019-09-23T10:43:21","date_gmt":"2019-09-23T08:43:21","guid":{"rendered":"https:\/\/www.riviera-networks.com\/?page_id=824"},"modified":"2019-12-19T22:24:10","modified_gmt":"2019-12-19T21:24:10","slug":"legal","status":"publish","type":"page","link":"https:\/\/www.riviera-networks.com\/fr\/legal\/","title":{"rendered":"Mentions L\u00e9gales \/ RGPD"},"content":{"rendered":"\n<h3 class=\"wp-block-heading\">Mentions L\u00e9gales<\/h3>\n\n\n\n<h4 class=\"wp-block-heading\">Editeurs<\/h4>\n\n\n\n<p>Le site http:\/\/www.riviera-networks.com est la propri\u00e9t\u00e9 exclusive de Riviera Networks Inc SAS, qui l&rsquo;\u00e9dite.<\/p>\n\n\n\n<p>Riviera Networks Inc, SAS au capital de 150 000 Euros, immatricul\u00e9e au RCS d&rsquo;Aix en Provence sous le num\u00e9ro 484 048 285 00031<\/p>\n\n\n\n<p>T\u00e9l\u00e9phone : (33) 4 42 21 77 01<\/p>\n\n\n\n<p>Adresse : 240 Rue L\u00e9on Foucault, Le Levant Bat B, 13290 Aix les Milles<\/p>\n\n\n\n<p>Email : infos (at) riviera-networks.com<\/p>\n\n\n\n<p>Num\u00e9ro de TVA Intracommunautaire : FR62484048285<\/p>\n\n\n\n<p>Directeur de publication : Damien PASQUER<\/p>\n\n\n\n<p>Contact : infos (at) riviera-networks.com<\/p>\n\n\n\n<h4 class=\"wp-block-heading\">H\u00e9bergement<\/h4>\n\n\n\n<p>Riviera Networks Inc, coordonn\u00e9es ci-dessus.<\/p>\n\n\n\n<h4 class=\"wp-block-heading\">Propri\u00e9t\u00e9 Intellectuelle<\/h4>\n\n\n\n<p>Toute utilisation, reproduction, diffusion, commercialisation, modification de toute ou partie du site www.riviera-networks.com, sans autorisation de l\u2019Editeur est prohib\u00e9e et pourra entra\u00eener des actions et poursuites judiciaires telles que notamment pr\u00e9vues par le Code de la propri\u00e9t\u00e9 intellectuelle et le Code civil. <\/p>\n","protected":false},"excerpt":{"rendered":"<p>Mentions L\u00e9gales Editeurs Le site http:\/\/www.riviera-networks.com est la propri\u00e9t\u00e9 exclusive de Riviera Networks Inc SAS, qui l&rsquo;\u00e9dite. Riviera Networks Inc, SAS au capital de 150 000 Euros, immatricul\u00e9e au RCS d&rsquo;Aix en Provence sous le num\u00e9ro 484 048 285 00031 T\u00e9l\u00e9phone : (33) 4 42 21 77 01 Adresse : [&hellip;]<\/p>\n","protected":false},"author":1,"featured_media":0,"parent":0,"menu_order":0,"comment_status":"closed","ping_status":"closed","template":"","meta":{"_exactmetrics_skip_tracking":false,"_exactmetrics_sitenote_active":false,"_exactmetrics_sitenote_note":"","_exactmetrics_sitenote_category":0,"footnotes":""},"class_list":["post-824","page","type-page","status-publish","hentry"],"yoast_head":"<!-- This site is optimized with the Yoast SEO plugin v27.4 - https:\/\/yoast.com\/product\/yoast-seo-wordpress\/ -->\n<title>Mentions L\u00e9gales \/ RGPD - Riviera Networks Inc<\/title>\n<meta name=\"robots\" content=\"index, follow, max-snippet:-1, max-image-preview:large, max-video-preview:-1\" \/>\n<link rel=\"canonical\" href=\"https:\/\/www.riviera-networks.com\/fr\/legal\/\" \/>\n<meta property=\"og:locale\" content=\"fr_FR\" \/>\n<meta property=\"og:type\" content=\"article\" \/>\n<meta property=\"og:title\" content=\"Mentions L\u00e9gales \/ RGPD - Riviera Networks Inc\" \/>\n<meta property=\"og:description\" content=\"Mentions L\u00e9gales Editeurs Le site http:\/\/www.riviera-networks.com est la propri\u00e9t\u00e9 exclusive de Riviera Networks Inc SAS, qui l&rsquo;\u00e9dite. Riviera Networks Inc, SAS au capital de 150 000 Euros, immatricul\u00e9e au RCS d&rsquo;Aix en Provence sous le num\u00e9ro 484 048 285 00031 T\u00e9l\u00e9phone : (33) 4 42 21 77 01 Adresse : [&hellip;]\" \/>\n<meta property=\"og:url\" content=\"https:\/\/www.riviera-networks.com\/fr\/legal\/\" \/>\n<meta property=\"og:site_name\" content=\"Riviera Networks Inc\" \/>\n<meta property=\"article:modified_time\" content=\"2019-12-19T21:24:10+00:00\" \/>\n<meta name=\"twitter:card\" content=\"summary_large_image\" \/>\n<meta name=\"twitter:site\" content=\"@RivieraNetwrks\" \/>\n<meta name=\"twitter:label1\" content=\"Dur\u00e9e de lecture estim\u00e9e\" \/>\n\t<meta name=\"twitter:data1\" content=\"1 minute\" \/>\n<script type=\"application\/ld+json\" class=\"yoast-schema-graph\">{\"@context\":\"https:\\\/\\\/schema.org\",\"@graph\":[{\"@type\":\"WebPage\",\"@id\":\"https:\\\/\\\/www.riviera-networks.com\\\/fr\\\/legal\\\/\",\"url\":\"https:\\\/\\\/www.riviera-networks.com\\\/fr\\\/legal\\\/\",\"name\":\"Mentions L\u00e9gales \\\/ RGPD - Riviera Networks Inc\",\"isPartOf\":{\"@id\":\"https:\\\/\\\/www.riviera-networks.com\\\/fr\\\/#website\"},\"datePublished\":\"2019-09-23T08:43:21+00:00\",\"dateModified\":\"2019-12-19T21:24:10+00:00\",\"breadcrumb\":{\"@id\":\"https:\\\/\\\/www.riviera-networks.com\\\/fr\\\/legal\\\/#breadcrumb\"},\"inLanguage\":\"fr-FR\",\"potentialAction\":[{\"@type\":\"ReadAction\",\"target\":[\"https:\\\/\\\/www.riviera-networks.com\\\/fr\\\/legal\\\/\"]}]},{\"@type\":\"BreadcrumbList\",\"@id\":\"https:\\\/\\\/www.riviera-networks.com\\\/fr\\\/legal\\\/#breadcrumb\",\"itemListElement\":[{\"@type\":\"ListItem\",\"position\":1,\"name\":\"Home\",\"item\":\"https:\\\/\\\/www.riviera-networks.com\\\/fr\\\/\"},{\"@type\":\"ListItem\",\"position\":2,\"name\":\"Mentions L\u00e9gales \\\/ RGPD\"}]},{\"@type\":\"WebSite\",\"@id\":\"https:\\\/\\\/www.riviera-networks.com\\\/fr\\\/#website\",\"url\":\"https:\\\/\\\/www.riviera-networks.com\\\/fr\\\/\",\"name\":\"Riviera Networks Inc\",\"description\":\"Infrastructure Experts\",\"publisher\":{\"@id\":\"https:\\\/\\\/www.riviera-networks.com\\\/fr\\\/#organization\"},\"potentialAction\":[{\"@type\":\"SearchAction\",\"target\":{\"@type\":\"EntryPoint\",\"urlTemplate\":\"https:\\\/\\\/www.riviera-networks.com\\\/fr\\\/?s={search_term_string}\"},\"query-input\":{\"@type\":\"PropertyValueSpecification\",\"valueRequired\":true,\"valueName\":\"search_term_string\"}}],\"inLanguage\":\"fr-FR\"},{\"@type\":\"Organization\",\"@id\":\"https:\\\/\\\/www.riviera-networks.com\\\/fr\\\/#organization\",\"name\":\"Riviera Networks Inc\",\"url\":\"https:\\\/\\\/www.riviera-networks.com\\\/fr\\\/\",\"logo\":{\"@type\":\"ImageObject\",\"inLanguage\":\"fr-FR\",\"@id\":\"https:\\\/\\\/www.riviera-networks.com\\\/fr\\\/#\\\/schema\\\/logo\\\/image\\\/\",\"url\":\"https:\\\/\\\/www.riviera-networks.com\\\/wp-content\\\/uploads\\\/2020\\\/04\\\/rnilogo-white-bg1.png\",\"contentUrl\":\"https:\\\/\\\/www.riviera-networks.com\\\/wp-content\\\/uploads\\\/2020\\\/04\\\/rnilogo-white-bg1.png\",\"width\":849,\"height\":299,\"caption\":\"Riviera Networks Inc\"},\"image\":{\"@id\":\"https:\\\/\\\/www.riviera-networks.com\\\/fr\\\/#\\\/schema\\\/logo\\\/image\\\/\"},\"sameAs\":[\"https:\\\/\\\/x.com\\\/RivieraNetwrks\",\"https:\\\/\\\/www.linkedin.com\\\/company\\\/riviera-networks\\\/\"]}]}<\/script>\n<!-- \/ Yoast SEO plugin. -->","yoast_head_json":{"title":"Mentions L\u00e9gales \/ RGPD - Riviera Networks Inc","robots":{"index":"index","follow":"follow","max-snippet":"max-snippet:-1","max-image-preview":"max-image-preview:large","max-video-preview":"max-video-preview:-1"},"canonical":"https:\/\/www.riviera-networks.com\/fr\/legal\/","og_locale":"fr_FR","og_type":"article","og_title":"Mentions L\u00e9gales \/ RGPD - Riviera Networks Inc","og_description":"Mentions L\u00e9gales Editeurs Le site http:\/\/www.riviera-networks.com est la propri\u00e9t\u00e9 exclusive de Riviera Networks Inc SAS, qui l&rsquo;\u00e9dite. Riviera Networks Inc, SAS au capital de 150 000 Euros, immatricul\u00e9e au RCS d&rsquo;Aix en Provence sous le num\u00e9ro 484 048 285 00031 T\u00e9l\u00e9phone : (33) 4 42 21 77 01 Adresse : [&hellip;]","og_url":"https:\/\/www.riviera-networks.com\/fr\/legal\/","og_site_name":"Riviera Networks Inc","article_modified_time":"2019-12-19T21:24:10+00:00","twitter_card":"summary_large_image","twitter_site":"@RivieraNetwrks","twitter_misc":{"Dur\u00e9e de lecture estim\u00e9e":"1 minute"},"schema":{"@context":"https:\/\/schema.org","@graph":[{"@type":"WebPage","@id":"https:\/\/www.riviera-networks.com\/fr\/legal\/","url":"https:\/\/www.riviera-networks.com\/fr\/legal\/","name":"Mentions L\u00e9gales \/ RGPD - Riviera Networks Inc","isPartOf":{"@id":"https:\/\/www.riviera-networks.com\/fr\/#website"},"datePublished":"2019-09-23T08:43:21+00:00","dateModified":"2019-12-19T21:24:10+00:00","breadcrumb":{"@id":"https:\/\/www.riviera-networks.com\/fr\/legal\/#breadcrumb"},"inLanguage":"fr-FR","potentialAction":[{"@type":"ReadAction","target":["https:\/\/www.riviera-networks.com\/fr\/legal\/"]}]},{"@type":"BreadcrumbList","@id":"https:\/\/www.riviera-networks.com\/fr\/legal\/#breadcrumb","itemListElement":[{"@type":"ListItem","position":1,"name":"Home","item":"https:\/\/www.riviera-networks.com\/fr\/"},{"@type":"ListItem","position":2,"name":"Mentions L\u00e9gales \/ RGPD"}]},{"@type":"WebSite","@id":"https:\/\/www.riviera-networks.com\/fr\/#website","url":"https:\/\/www.riviera-networks.com\/fr\/","name":"Riviera Networks Inc","description":"Infrastructure Experts","publisher":{"@id":"https:\/\/www.riviera-networks.com\/fr\/#organization"},"potentialAction":[{"@type":"SearchAction","target":{"@type":"EntryPoint","urlTemplate":"https:\/\/www.riviera-networks.com\/fr\/?s={search_term_string}"},"query-input":{"@type":"PropertyValueSpecification","valueRequired":true,"valueName":"search_term_string"}}],"inLanguage":"fr-FR"},{"@type":"Organization","@id":"https:\/\/www.riviera-networks.com\/fr\/#organization","name":"Riviera Networks Inc","url":"https:\/\/www.riviera-networks.com\/fr\/","logo":{"@type":"ImageObject","inLanguage":"fr-FR","@id":"https:\/\/www.riviera-networks.com\/fr\/#\/schema\/logo\/image\/","url":"https:\/\/www.riviera-networks.com\/wp-content\/uploads\/2020\/04\/rnilogo-white-bg1.png","contentUrl":"https:\/\/www.riviera-networks.com\/wp-content\/uploads\/2020\/04\/rnilogo-white-bg1.png","width":849,"height":299,"caption":"Riviera Networks Inc"},"image":{"@id":"https:\/\/www.riviera-networks.com\/fr\/#\/schema\/logo\/image\/"},"sameAs":["https:\/\/x.com\/RivieraNetwrks","https:\/\/www.linkedin.com\/company\/riviera-networks\/"]}]}},"jetpack-related-posts":[],"jetpack_sharing_enabled":true,"_links":{"self":[{"href":"https:\/\/www.riviera-networks.com\/fr\/wp-json\/wp\/v2\/pages\/824","targetHints":{"allow":["GET"]}}],"collection":[{"href":"https:\/\/www.riviera-networks.com\/fr\/wp-json\/wp\/v2\/pages"}],"about":[{"href":"https:\/\/www.riviera-networks.com\/fr\/wp-json\/wp\/v2\/types\/page"}],"author":[{"embeddable":true,"href":"https:\/\/www.riviera-networks.com\/fr\/wp-json\/wp\/v2\/users\/1"}],"replies":[{"embeddable":true,"href":"https:\/\/www.riviera-networks.com\/fr\/wp-json\/wp\/v2\/comments?post=824"}],"version-history":[{"count":3,"href":"https:\/\/www.riviera-networks.com\/fr\/wp-json\/wp\/v2\/pages\/824\/revisions"}],"predecessor-version":[{"id":969,"href":"https:\/\/www.riviera-networks.com\/fr\/wp-json\/wp\/v2\/pages\/824\/revisions\/969"}],"wp:attachment":[{"href":"https:\/\/www.riviera-networks.com\/fr\/wp-json\/wp\/v2\/media?parent=824"}],"curies":[{"name":"wp","href":"https:\/\/api.w.org\/{rel}","templated":true}]}}